{"id":988,"date":"2025-03-09T02:20:43","date_gmt":"2025-03-08T23:20:43","guid":{"rendered":"https:\/\/isff.com.tr\/?page_id=988"},"modified":"2025-03-11T15:59:24","modified_gmt":"2025-03-11T12:59:24","slug":"parmakkaya","status":"publish","type":"page","link":"https:\/\/isff.com.tr\/en\/arsiv-2025\/filmler\/parmakkaya\/","title":{"rendered":"PARMAKKAYA"},"content":{"rendered":"<div class=\"row\"  id=\"row-980713692\">\n\n\n\t<div id=\"col-1390348279\" class=\"col small-12 large-12\"  >\n\t\t\t\t<div class=\"col-inner\"  >\n\t\t\t\n\t\t\t\n\n\n\t\t<\/div>\n\t\t\t\t\t<\/div>\n\n\t\n\n<\/div>\n<div class=\"container section-title-container\" ><h1 class=\"section-title section-title-center\"><b><\/b><span class=\"section-title-main\" style=\"color:rgb(0, 0, 0);\">Parmakkaya<\/span><b><\/b><\/h1><\/div>\n\n\t<div id=\"gap-39108687\" class=\"gap-element clearfix\" style=\"display:block; height:auto;\">\n\t\t\n<style>\n#gap-39108687 {\n  padding-top: 0px;\n}\n@media (min-width:550px) {\n  #gap-39108687 {\n    padding-top: 33px;\n  }\n}\n<\/style>\n\t<\/div>\n\t\n\n<div class=\"row\"  id=\"row-1771712245\">\n\n\n\t<div id=\"col-1582497966\" class=\"col medium-4 small-12 large-4\"  >\n\t\t\t\t<div class=\"col-inner text-center\"  >\n\t\t\t\n\t\t\t\n\n\t<div class=\"img has-hover x md-x lg-x y md-y lg-y\" id=\"image_603227143\">\n\t\t\t\t\t\t\t\t<div class=\"img-inner dark\" >\n\t\t\t<img loading=\"lazy\" decoding=\"async\" width=\"533\" height=\"800\" src=\"https:\/\/isff.com.tr\/wp-content\/uploads\/2025\/02\/Parmakkaya.jpg\" class=\"attachment-original size-original\" alt=\"\" srcset=\"https:\/\/isff.com.tr\/wp-content\/uploads\/2025\/02\/Parmakkaya.jpg 533w, https:\/\/isff.com.tr\/wp-content\/uploads\/2025\/02\/Parmakkaya-267x400.jpg 267w, https:\/\/isff.com.tr\/wp-content\/uploads\/2025\/02\/Parmakkaya-8x12.jpg 8w\" sizes=\"auto, (max-width: 533px) 100vw, 533px\" \/>\t\t\t\t\t\t\n\t\t\t\t\t<\/div>\n\t\t\t\t\t\t\t\t\n<style>\n#image_603227143 {\n  width: 100%;\n}\n<\/style>\n\t<\/div>\n\t\n\n\n\t\t<\/div>\n\t\t\t\t\t<\/div>\n\n\t\n\n\t<div id=\"col-1888811685\" class=\"col medium-8 small-12 large-8\"  >\n\t\t\t\t<div class=\"col-inner\"  >\n\t\t\t\n\t\t\t\n\n\t<div id=\"text-969165307\" class=\"text\">\n\t\t\n\n<p><b>Director:<\/b><span style=\"font-weight: 400;\"> Ertu\u011frul Kulaks\u0131zo\u011flu<\/span><\/p>\n<p><b>Writers:<\/b><span style=\"font-weight: 400;\"> Ertu\u011frul Kulaks\u0131zo\u011flu<\/span><\/p>\n<p><b>Cast:<\/b><span style=\"font-weight: 400;\"> Zorbey Aktuyun, Dicle \u00c7ift\u00e7i, Emre Altoparlak, Erkan Ayan, Ertu\u011frul Kulaks\u0131zo\u011flu<\/span><\/p>\n<p><b>Producer:<\/b><span style=\"font-weight: 400;\"> Ertu\u011frul Kulaks\u0131zo\u011flu<\/span><\/p>\n<p><b>Date:<\/b><span style=\"font-weight: 400;\"> December 21, 2023<\/span><\/p>\n<p><b>Duration:<\/b><span style=\"font-weight: 400;\"> 26 minutes 58 seconds<\/span><\/p>\n<p><b>Genre:<\/b><span style=\"font-weight: 400;\"> Adventure, Sport, Reality<\/span><\/p>\n<p><b>Country:<\/b><span style=\"font-weight: 400;\"> T\u00fcrkiye<\/span><\/p>\n<p><b>Topic: <span style=\"font-weight: 400;\">Zorbey Aktuyun is one of Turkey's leading mountaineers. Married for 10 months, Dicle is a painter. To create an unforgettable memory, they try to climb Parmakkaya, the symbolic peak of Alada\u011flar. Although this climb seems quite easy for Zorbey, it will be a great adventure for Dicle, who is only interested in climbing because of her husband. <\/span><\/b><\/p>\n<p>\u00a0<\/p>\n\t\t\n<style>\n#text-969165307 {\n  line-height: 1.65;\n  color: rgb(0,0,0);\n}\n#text-969165307 > * {\n  color: rgb(0,0,0);\n}\n<\/style>\n\t<\/div>\n\t\n\n\t\t<\/div>\n\t\t\t\t\t<\/div>\n\n\t\n\n<\/div>","protected":false},"excerpt":{"rendered":"","protected":false},"author":2,"featured_media":0,"parent":482,"menu_order":0,"comment_status":"closed","ping_status":"closed","template":"","meta":{"footnotes":""},"class_list":["post-988","page","type-page","status-publish","hentry"],"_links":{"self":[{"href":"https:\/\/isff.com.tr\/en\/wp-json\/wp\/v2\/pages\/988","targetHints":{"allow":["GET"]}}],"collection":[{"href":"https:\/\/isff.com.tr\/en\/wp-json\/wp\/v2\/pages"}],"about":[{"href":"https:\/\/isff.com.tr\/en\/wp-json\/wp\/v2\/types\/page"}],"author":[{"embeddable":true,"href":"https:\/\/isff.com.tr\/en\/wp-json\/wp\/v2\/users\/2"}],"replies":[{"embeddable":true,"href":"https:\/\/isff.com.tr\/en\/wp-json\/wp\/v2\/comments?post=988"}],"version-history":[{"count":4,"href":"https:\/\/isff.com.tr\/en\/wp-json\/wp\/v2\/pages\/988\/revisions"}],"predecessor-version":[{"id":1370,"href":"https:\/\/isff.com.tr\/en\/wp-json\/wp\/v2\/pages\/988\/revisions\/1370"}],"up":[{"embeddable":true,"href":"https:\/\/isff.com.tr\/en\/wp-json\/wp\/v2\/pages\/482"}],"wp:attachment":[{"href":"https:\/\/isff.com.tr\/en\/wp-json\/wp\/v2\/media?parent=988"}],"curies":[{"name":"wp","href":"https:\/\/api.w.org\/{rel}","templated":true}]}}