{"id":943,"date":"2025-03-09T02:04:33","date_gmt":"2025-03-08T23:04:33","guid":{"rendered":"https:\/\/isff.com.tr\/?page_id=943"},"modified":"2025-03-11T01:46:11","modified_gmt":"2025-03-10T22:46:11","slug":"fight-like-a-girl","status":"publish","type":"page","link":"https:\/\/isff.com.tr\/en\/arsiv-2025\/filmler\/fight-like-a-girl\/","title":{"rendered":"FIGHT LIKE A GIRL"},"content":{"rendered":"<div class=\"row\"  id=\"row-415470450\">\n\n\n\t<div id=\"col-1850239283\" class=\"col small-12 large-12\"  >\n\t\t\t\t<div class=\"col-inner\"  >\n\t\t\t\n\t\t\t\n\n\n\t\t<\/div>\n\t\t\t\t\t<\/div>\n\n\t\n\n<\/div>\n<div class=\"container section-title-container\" ><h1 class=\"section-title section-title-center\"><b><\/b><span class=\"section-title-main\" style=\"color:rgb(0, 0, 0);\">FIGHT LIKE A GIRL<\/span><b><\/b><\/h1><\/div>\n\n\t<div id=\"gap-1235555929\" class=\"gap-element clearfix\" style=\"display:block; height:auto;\">\n\t\t\n<style>\n#gap-1235555929 {\n  padding-top: 0px;\n}\n@media (min-width:550px) {\n  #gap-1235555929 {\n    padding-top: 33px;\n  }\n}\n<\/style>\n\t<\/div>\n\t\n\n<div class=\"row\"  id=\"row-1551487793\">\n\n\n\t<div id=\"col-2043564252\" class=\"col medium-4 small-12 large-4\"  >\n\t\t\t\t<div class=\"col-inner text-center\"  >\n\t\t\t\n\t\t\t\n\n\t<div class=\"img has-hover x md-x lg-x y md-y lg-y\" id=\"image_48912527\">\n\t\t\t\t\t\t\t\t<div class=\"img-inner dark\" >\n\t\t\t<img loading=\"lazy\" decoding=\"async\" width=\"600\" height=\"800\" src=\"https:\/\/isff.com.tr\/wp-content\/uploads\/2025\/03\/kiz-gibi-dovus.jpg\" class=\"attachment-original size-original\" alt=\"\" srcset=\"https:\/\/isff.com.tr\/wp-content\/uploads\/2025\/03\/kiz-gibi-dovus.jpg 600w, https:\/\/isff.com.tr\/wp-content\/uploads\/2025\/03\/kiz-gibi-dovus-300x400.jpg 300w, https:\/\/isff.com.tr\/wp-content\/uploads\/2025\/03\/kiz-gibi-dovus-9x12.jpg 9w\" sizes=\"auto, (max-width: 600px) 100vw, 600px\" \/>\t\t\t\t\t\t\n\t\t\t\t\t<\/div>\n\t\t\t\t\t\t\t\t\n<style>\n#image_48912527 {\n  width: 100%;\n}\n<\/style>\n\t<\/div>\n\t\n\n\n\t\t<\/div>\n\t\t\t\t\t<\/div>\n\n\t\n\n\t<div id=\"col-1048496101\" class=\"col medium-8 small-12 large-8\"  >\n\t\t\t\t<div class=\"col-inner\"  >\n\t\t\t\n\t\t\t\n\n\t<div id=\"text-1012215989\" class=\"text\">\n\t\t\n\n<p><b><span data-contrast=\"auto\">Director:<\/span><\/b><span data-contrast=\"auto\"> G\u00f6zde Mimiko T\u00fcrkkan<\/span><span data-ccp-props=\"{&quot;201341983&quot;:0,&quot;335551550&quot;:6,&quot;335551620&quot;:6,&quot;335559740&quot;:360}\">\u00a0<\/span><\/p>\n<p><b><span data-contrast=\"auto\">Cast:<\/span><\/b><span data-contrast=\"auto\"> Namibia Flores Rodriguez, Lia Rojas Pagan, G\u00f6zde Mimiko T\u00fcrkkan<\/span><span data-ccp-props=\"{&quot;201341983&quot;:0,&quot;335551550&quot;:6,&quot;335551620&quot;:6,&quot;335559740&quot;:360}\">\u00a0<\/span><\/p>\n<p><b><span data-contrast=\"auto\">Date:<\/span><\/b><span data-contrast=\"auto\"> January 28, 2025<\/span><\/p>\n<p><b><span data-contrast=\"auto\">Duration:<\/span><\/b><span data-contrast=\"auto\"> 19 minutes 5 seconds\u00a0<\/span><\/p>\n<p><b><span data-contrast=\"auto\">Country:<\/span><\/b><span data-contrast=\"auto\"> T\u00fcrkiye<\/span><span data-ccp-props=\"{&quot;201341983&quot;:0,&quot;335551550&quot;:6,&quot;335551620&quot;:6,&quot;335559740&quot;:360}\">\u00a0<\/span><\/p>\n<p data-ccp-border-bottom=\"0px none #000000\" data-ccp-padding-bottom=\"0px\" data-ccp-border-between=\"0px none #000000\" data-ccp-padding-between=\"0px\"><b><span data-contrast=\"none\">Topic:<\/span><\/b> <b><span data-contrast=\"auto\">Fight Like a Girl \/ Pelea Como Una Chica,<\/span><\/b><span data-contrast=\"auto\"> is a film accompanying the performance and installation project by G\u00f6zde Mimiko T\u00fcrkkan, realised in collaboration with Cuban boxer Namibia Flores Rodr\u00edguez. The project was performed and exhibited at Centro de Arte Contempor\u00e1neo Wifredo Lam as part of the 15th Bienal de la Habana \u2013 Shared Horizons in Cuba, from 15 November 2024 to 28 February 2025.\u00a0<\/span><span data-ccp-props=\"{&quot;201341983&quot;:0,&quot;335559738&quot;:280,&quot;335559739&quot;:280,&quot;335559740&quot;:360,&quot;335572071&quot;:0,&quot;335572072&quot;:0,&quot;335572073&quot;:0,&quot;335572075&quot;:0,&quot;335572076&quot;:0,&quot;335572077&quot;:0,&quot;335572079&quot;:0,&quot;335572080&quot;:0,&quot;335572081&quot;:0,&quot;335572083&quot;:0,&quot;335572084&quot;:0,&quot;335572085&quot;:0,&quot;335572087&quot;:0,&quot;335572088&quot;:0,&quot;335572089&quot;:0,&quot;469789798&quot;:&quot;nil&quot;,&quot;469789802&quot;:&quot;nil&quot;,&quot;469789806&quot;:&quot;nil&quot;,&quot;469789810&quot;:&quot;nil&quot;,&quot;469789814&quot;:&quot;nil&quot;}\">\u00a0<\/span><\/p>\n<p data-ccp-border-between=\"0px none #000000\" data-ccp-padding-between=\"0px\"><span data-contrast=\"auto\">First introduced at the beginning of the 20th century, today boxing is considered a popular sport in Cuba. Although the ban on professional boxing in 1962 may seem to have hindered its development, Cuban style boxing earned an international reputation as a defensive style focused on tactics, precision and movement instead of offense and power. This style is deeply rooted in \u2018Juego de man\u00ed\u2019, a stick-fighting martial art and dance that was developed and practiced in Cuba by African slaves working on the sugar plantations. Complicating matters, women were banned from all forms of competition until only a few years ago. Whether this ban was driven by fears of harm to their childbearing bodies or rooted in a paternalistic culture of overprotecting women remains debatable. Thus, the realisation of <\/span><i><span data-contrast=\"auto\">Fight Like a Girl \/ Pelea Como Una Chica<\/span><\/i><span data-contrast=\"auto\"> comes at a pivotal time, highlighting Cuban women and non-binary boxing practitioners while expanding the relevance of their practice beyond the context of sports.<\/span><span data-ccp-props=\"{&quot;201341983&quot;:0,&quot;335559738&quot;:280,&quot;335559739&quot;:280,&quot;335559740&quot;:360,&quot;335572071&quot;:0,&quot;335572072&quot;:0,&quot;335572073&quot;:0,&quot;335572075&quot;:0,&quot;335572076&quot;:0,&quot;335572077&quot;:0,&quot;335572079&quot;:0,&quot;335572080&quot;:0,&quot;335572081&quot;:0,&quot;335572083&quot;:0,&quot;335572084&quot;:0,&quot;335572085&quot;:0,&quot;335572087&quot;:0,&quot;335572088&quot;:0,&quot;335572089&quot;:0,&quot;469789798&quot;:&quot;nil&quot;,&quot;469789802&quot;:&quot;nil&quot;,&quot;469789806&quot;:&quot;nil&quot;,&quot;469789810&quot;:&quot;nil&quot;,&quot;469789814&quot;:&quot;nil&quot;}\">\u00a0<\/span><\/p>\n<p><span data-contrast=\"auto\">Combat sports, while susceptible to perpetuating discrimination and gender-based violence, also serve as a powerful tool for empowerment, fostering confidence in one\u2019s body and promoting solidarity. In this context, boxing, interwoven with political history and reflective of current social issues, establishes strong ties and deeply resonates within Cuban society.<\/span><span data-ccp-props=\"{&quot;201341983&quot;:0,&quot;335559738&quot;:240,&quot;335559739&quot;:240,&quot;335559740&quot;:360}\">\u00a0<\/span><\/p>\n\t\t\n<style>\n#text-1012215989 {\n  line-height: 1.65;\n  color: rgb(0,0,0);\n}\n#text-1012215989 > * {\n  color: rgb(0,0,0);\n}\n<\/style>\n\t<\/div>\n\t\n\n\t\t<\/div>\n\t\t\t\t\t<\/div>\n\n\t\n\n<\/div>","protected":false},"excerpt":{"rendered":"","protected":false},"author":2,"featured_media":0,"parent":482,"menu_order":0,"comment_status":"closed","ping_status":"closed","template":"","meta":{"footnotes":""},"class_list":["post-943","page","type-page","status-publish","hentry"],"_links":{"self":[{"href":"https:\/\/isff.com.tr\/en\/wp-json\/wp\/v2\/pages\/943","targetHints":{"allow":["GET"]}}],"collection":[{"href":"https:\/\/isff.com.tr\/en\/wp-json\/wp\/v2\/pages"}],"about":[{"href":"https:\/\/isff.com.tr\/en\/wp-json\/wp\/v2\/types\/page"}],"author":[{"embeddable":true,"href":"https:\/\/isff.com.tr\/en\/wp-json\/wp\/v2\/users\/2"}],"replies":[{"embeddable":true,"href":"https:\/\/isff.com.tr\/en\/wp-json\/wp\/v2\/comments?post=943"}],"version-history":[{"count":8,"href":"https:\/\/isff.com.tr\/en\/wp-json\/wp\/v2\/pages\/943\/revisions"}],"predecessor-version":[{"id":1232,"href":"https:\/\/isff.com.tr\/en\/wp-json\/wp\/v2\/pages\/943\/revisions\/1232"}],"up":[{"embeddable":true,"href":"https:\/\/isff.com.tr\/en\/wp-json\/wp\/v2\/pages\/482"}],"wp:attachment":[{"href":"https:\/\/isff.com.tr\/en\/wp-json\/wp\/v2\/media?parent=943"}],"curies":[{"name":"wp","href":"https:\/\/api.w.org\/{rel}","templated":true}]}}