{"id":813,"date":"2025-03-03T21:26:44","date_gmt":"2025-03-03T18:26:44","guid":{"rendered":"https:\/\/isff.com.tr\/?page_id=813"},"modified":"2026-01-12T18:07:57","modified_gmt":"2026-01-12T15:07:57","slug":"juriler","status":"publish","type":"page","link":"https:\/\/isff.com.tr\/en\/arsiv-2025\/juriler\/","title":{"rendered":"Juries"},"content":{"rendered":"<div class=\"row\"  id=\"row-645972486\">\n\n\n\t<div id=\"col-1614992465\" class=\"col small-12 large-12\"  >\n\t\t\t\t<div class=\"col-inner\"  >\n\t\t\t\n\t\t\t\n\n\n\t\t<\/div>\n\t\t\t\t\t<\/div>\n\n\t\n\n<\/div>\n<div class=\"container section-title-container\" ><h1 class=\"section-title section-title-center\"><b><\/b><span class=\"section-title-main\" style=\"color:rgb(0, 0, 0);\">DOCUMENTARY COMPETITION JURY<\/span><b><\/b><\/h1><\/div>\n\n\t<div id=\"gap-417653485\" class=\"gap-element clearfix\" style=\"display:block; height:auto;\">\n\t\t\n<style>\n#gap-417653485 {\n  padding-top: 33px;\n}\n<\/style>\n\t<\/div>\n\t\n\n<div class=\"row\"  id=\"row-1726476935\">\n\n\n\t<div id=\"col-1264451765\" class=\"col medium-4 small-12 large-4\"  >\n\t\t\t\t<div class=\"col-inner text-center\"  >\n\t\t\t\n\t\t\t\n\n\t<div class=\"img has-hover x md-x lg-x y md-y lg-y\" id=\"image_1234741398\">\n\t\t\t\t\t\t\t\t<div class=\"img-inner dark\" >\n\t\t\t<img loading=\"lazy\" decoding=\"async\" width=\"640\" height=\"800\" src=\"https:\/\/isff.com.tr\/wp-content\/uploads\/2025\/03\/01-sinan-guler.jpg\" class=\"attachment-original size-original\" alt=\"\" srcset=\"https:\/\/isff.com.tr\/wp-content\/uploads\/2025\/03\/01-sinan-guler.jpg 640w, https:\/\/isff.com.tr\/wp-content\/uploads\/2025\/03\/01-sinan-guler-320x400.jpg 320w, https:\/\/isff.com.tr\/wp-content\/uploads\/2025\/03\/01-sinan-guler-10x12.jpg 10w\" sizes=\"auto, (max-width: 640px) 100vw, 640px\" \/>\t\t\t\t\t\t\n\t\t\t\t\t<\/div>\n\t\t\t\t\t\t\t\t\n<style>\n#image_1234741398 {\n  width: 80%;\n}\n<\/style>\n\t<\/div>\n\t\n\n\t<div id=\"text-3847285149\" class=\"text\">\n\t\t\n\n<h1>S\u0130NAN G\u00dcLER<\/h1>\n<h4>FORMER NATIONAL BASKETBALL PLAYER<\/h3>\n\t\t\n<style>\n#text-3847285149 {\n  line-height: 1;\n  color: rgb(0,0,0);\n}\n#text-3847285149 > * {\n  color: rgb(0,0,0);\n}\n<\/style>\n\t<\/div>\n\t\n\n\t\t<\/div>\n\t\t\t\t\t<\/div>\n\n\t\n\n\t<div id=\"col-1310383861\" class=\"col medium-4 small-12 large-4\"  >\n\t\t\t\t<div class=\"col-inner text-center\"  >\n\t\t\t\n\t\t\t\n\n\t<div class=\"img has-hover x md-x lg-x y md-y lg-y\" id=\"image_326745524\">\n\t\t\t\t\t\t\t\t<div class=\"img-inner dark\" >\n\t\t\t<img loading=\"lazy\" decoding=\"async\" width=\"640\" height=\"800\" src=\"https:\/\/isff.com.tr\/wp-content\/uploads\/2025\/03\/02-zerrin-yazar.jpg\" class=\"attachment-original size-original\" alt=\"\" srcset=\"https:\/\/isff.com.tr\/wp-content\/uploads\/2025\/03\/02-zerrin-yazar.jpg 640w, https:\/\/isff.com.tr\/wp-content\/uploads\/2025\/03\/02-zerrin-yazar-320x400.jpg 320w, https:\/\/isff.com.tr\/wp-content\/uploads\/2025\/03\/02-zerrin-yazar-10x12.jpg 10w\" sizes=\"auto, (max-width: 640px) 100vw, 640px\" \/>\t\t\t\t\t\t\n\t\t\t\t\t<\/div>\n\t\t\t\t\t\t\t\t\n<style>\n#image_326745524 {\n  width: 80%;\n}\n<\/style>\n\t<\/div>\n\t\n\n\t<div id=\"text-1863842895\" class=\"text\">\n\t\t\n\n<h1>ZERR\u0130N YAZAR<\/h1>\n<h4>TV PRESENTER - SPORTS ANNOUNCER<\/h3>\n\t\t\n<style>\n#text-1863842895 {\n  line-height: 1;\n  color: rgb(0,0,0);\n}\n#text-1863842895 > * {\n  color: rgb(0,0,0);\n}\n<\/style>\n\t<\/div>\n\t\n\n\t\t<\/div>\n\t\t\t\t\t<\/div>\n\n\t\n\n\t<div id=\"col-1218868139\" class=\"col medium-4 small-12 large-4\"  >\n\t\t\t\t<div class=\"col-inner text-center\"  >\n\t\t\t\n\t\t\t\n\n\t<div class=\"img has-hover x md-x lg-x y md-y lg-y\" id=\"image_323904999\">\n\t\t\t\t\t\t\t\t<div class=\"img-inner dark\" >\n\t\t\t<img loading=\"lazy\" decoding=\"async\" width=\"640\" height=\"800\" src=\"https:\/\/isff.com.tr\/wp-content\/uploads\/2025\/03\/03-cuneyt-kaseler.jpg\" class=\"attachment-original size-original\" alt=\"\" srcset=\"https:\/\/isff.com.tr\/wp-content\/uploads\/2025\/03\/03-cuneyt-kaseler.jpg 640w, https:\/\/isff.com.tr\/wp-content\/uploads\/2025\/03\/03-cuneyt-kaseler-320x400.jpg 320w, https:\/\/isff.com.tr\/wp-content\/uploads\/2025\/03\/03-cuneyt-kaseler-10x12.jpg 10w\" sizes=\"auto, (max-width: 640px) 100vw, 640px\" \/>\t\t\t\t\t\t\n\t\t\t\t\t<\/div>\n\t\t\t\t\t\t\t\t\n<style>\n#image_323904999 {\n  width: 80%;\n}\n<\/style>\n\t<\/div>\n\t\n\n\t<div id=\"text-793534708\" class=\"text\">\n\t\t\n\n<h1>C\u00dcNEYT KA\u015eELER<\/h1>\n<h4>RADIO HOST<\/h3>\n\t\t\n<style>\n#text-793534708 {\n  line-height: 1;\n  color: rgb(0,0,0);\n}\n#text-793534708 > * {\n  color: rgb(0,0,0);\n}\n<\/style>\n\t<\/div>\n\t\n\n\t\t<\/div>\n\t\t\t\t\t<\/div>\n\n\t\n\n<\/div>\n<div class=\"row\"  id=\"row-704559209\">\n\n\n\t<div id=\"col-997435103\" class=\"col medium-4 small-12 large-4\"  >\n\t\t\t\t<div class=\"col-inner text-center\"  >\n\t\t\t\n\t\t\t\n\n\t<div class=\"img has-hover x md-x lg-x y md-y lg-y\" id=\"image_2134577357\">\n\t\t\t\t\t\t\t\t<div class=\"img-inner dark\" >\n\t\t\t<img loading=\"lazy\" decoding=\"async\" width=\"640\" height=\"800\" src=\"https:\/\/isff.com.tr\/wp-content\/uploads\/2025\/03\/04-burcu-hakyemez-dal.jpg\" class=\"attachment-original size-original\" alt=\"\" srcset=\"https:\/\/isff.com.tr\/wp-content\/uploads\/2025\/03\/04-burcu-hakyemez-dal.jpg 640w, https:\/\/isff.com.tr\/wp-content\/uploads\/2025\/03\/04-burcu-hakyemez-dal-320x400.jpg 320w, https:\/\/isff.com.tr\/wp-content\/uploads\/2025\/03\/04-burcu-hakyemez-dal-10x12.jpg 10w\" sizes=\"auto, (max-width: 640px) 100vw, 640px\" \/>\t\t\t\t\t\t\n\t\t\t\t\t<\/div>\n\t\t\t\t\t\t\t\t\n<style>\n#image_2134577357 {\n  width: 80%;\n}\n<\/style>\n\t<\/div>\n\t\n\n\t<div id=\"text-959355369\" class=\"text\">\n\t\t\n\n<h1>BURCU HAKYEMEZ DAL<\/h1>\n<h4>FORMER NATIONAL VOLLEYBALL PLAYER<\/h3>\n\t\t\n<style>\n#text-959355369 {\n  line-height: 1;\n  color: rgb(0,0,0);\n}\n#text-959355369 > * {\n  color: rgb(0,0,0);\n}\n<\/style>\n\t<\/div>\n\t\n\n\t\t<\/div>\n\t\t\t\t\t<\/div>\n\n\t\n\n\t<div id=\"col-462172349\" class=\"col medium-4 small-12 large-4\"  >\n\t\t\t\t<div class=\"col-inner text-center\"  >\n\t\t\t\n\t\t\t\n\n\t<div class=\"img has-hover x md-x lg-x y md-y lg-y\" id=\"image_1766764740\">\n\t\t\t\t\t\t\t\t<div class=\"img-inner dark\" >\n\t\t\t<img loading=\"lazy\" decoding=\"async\" width=\"640\" height=\"800\" src=\"https:\/\/isff.com.tr\/wp-content\/uploads\/2025\/03\/05-andy-brassell.jpg\" class=\"attachment-original size-original\" alt=\"\" srcset=\"https:\/\/isff.com.tr\/wp-content\/uploads\/2025\/03\/05-andy-brassell.jpg 640w, https:\/\/isff.com.tr\/wp-content\/uploads\/2025\/03\/05-andy-brassell-320x400.jpg 320w, https:\/\/isff.com.tr\/wp-content\/uploads\/2025\/03\/05-andy-brassell-10x12.jpg 10w\" sizes=\"auto, (max-width: 640px) 100vw, 640px\" \/>\t\t\t\t\t\t\n\t\t\t\t\t<\/div>\n\t\t\t\t\t\t\t\t\n<style>\n#image_1766764740 {\n  width: 80%;\n}\n<\/style>\n\t<\/div>\n\t\n\n\t<div id=\"text-802013145\" class=\"text\">\n\t\t\n\n<h1>ANDY BRASSELL<\/h1>\n<h4>SPORTS BROADCASTER<\/h3>\n\t\t\n<style>\n#text-802013145 {\n  line-height: 1;\n  color: rgb(0,0,0);\n}\n#text-802013145 > * {\n  color: rgb(0,0,0);\n}\n<\/style>\n\t<\/div>\n\t\n\n\t\t<\/div>\n\t\t\t\t\t<\/div>\n\n\t\n\n\t<div id=\"col-222345403\" class=\"col medium-4 small-12 large-4\"  >\n\t\t\t\t<div class=\"col-inner text-center\"  >\n\t\t\t\n\t\t\t\n\n\t<div class=\"img has-hover x md-x lg-x y md-y lg-y\" id=\"image_1463510396\">\n\t\t\t\t\t\t\t\t<div class=\"img-inner dark\" >\n\t\t\t<img loading=\"lazy\" decoding=\"async\" width=\"640\" height=\"800\" src=\"https:\/\/isff.com.tr\/wp-content\/uploads\/2025\/03\/06-sevecen-tunc.jpg\" class=\"attachment-original size-original\" alt=\"\" srcset=\"https:\/\/isff.com.tr\/wp-content\/uploads\/2025\/03\/06-sevecen-tunc.jpg 640w, https:\/\/isff.com.tr\/wp-content\/uploads\/2025\/03\/06-sevecen-tunc-320x400.jpg 320w, https:\/\/isff.com.tr\/wp-content\/uploads\/2025\/03\/06-sevecen-tunc-10x12.jpg 10w\" sizes=\"auto, (max-width: 640px) 100vw, 640px\" \/>\t\t\t\t\t\t\n\t\t\t\t\t<\/div>\n\t\t\t\t\t\t\t\t\n<style>\n#image_1463510396 {\n  width: 80%;\n}\n<\/style>\n\t<\/div>\n\t\n\n\t<div id=\"text-1899458045\" class=\"text\">\n\t\t\n\n<h1>DR. SEVECEN TUN\u00c7<\/h1>\n<h4>RESEARCHER - WRITER<\/h3>\n\t\t\n<style>\n#text-1899458045 {\n  line-height: 1;\n  color: rgb(0,0,0);\n}\n#text-1899458045 > * {\n  color: rgb(0,0,0);\n}\n<\/style>\n\t<\/div>\n\t\n\n\t\t<\/div>\n\t\t\t\t\t<\/div>\n\n\t\n\n\n<style>\n#row-704559209 > .col > .col-inner {\n  padding: 30px 0px 0px 0px;\n}\n<\/style>\n<\/div>\n\t<div id=\"gap-772052593\" class=\"gap-element clearfix\" style=\"display:block; height:auto;\">\n\t\t\n<style>\n#gap-772052593 {\n  padding-top: 50px;\n}\n<\/style>\n\t<\/div>\n\t\n\n<div class=\"container section-title-container\" ><h1 class=\"section-title section-title-center\"><b><\/b><span class=\"section-title-main\" style=\"color:rgb(0, 0, 0);\">SPORTS FILM LAB JURY<\/span><b><\/b><\/h1><\/div>\n\n\t<div id=\"gap-414223882\" class=\"gap-element clearfix\" style=\"display:block; height:auto;\">\n\t\t\n<style>\n#gap-414223882 {\n  padding-top: 20px;\n}\n<\/style>\n\t<\/div>\n\t\n\n<div class=\"row\"  id=\"row-997252746\">\n\n\n\t<div id=\"col-542915652\" class=\"col medium-4 small-12 large-4\"  >\n\t\t\t\t<div class=\"col-inner text-center\"  >\n\t\t\t\n\t\t\t\n\n\t<div class=\"img has-hover x md-x lg-x y md-y lg-y\" id=\"image_192423636\">\n\t\t\t\t\t\t\t\t<div class=\"img-inner dark\" >\n\t\t\t<img loading=\"lazy\" decoding=\"async\" width=\"640\" height=\"800\" src=\"https:\/\/isff.com.tr\/wp-content\/uploads\/2025\/03\/01-hayri-colasan.jpg\" class=\"attachment-original size-original\" alt=\"\" srcset=\"https:\/\/isff.com.tr\/wp-content\/uploads\/2025\/03\/01-hayri-colasan.jpg 640w, https:\/\/isff.com.tr\/wp-content\/uploads\/2025\/03\/01-hayri-colasan-320x400.jpg 320w, https:\/\/isff.com.tr\/wp-content\/uploads\/2025\/03\/01-hayri-colasan-10x12.jpg 10w\" sizes=\"auto, (max-width: 640px) 100vw, 640px\" \/>\t\t\t\t\t\t\n\t\t\t\t\t<\/div>\n\t\t\t\t\t\t\t\t\n<style>\n#image_192423636 {\n  width: 80%;\n}\n<\/style>\n\t<\/div>\n\t\n\n\t<div id=\"text-3930036489\" class=\"text\">\n\t\t\n\n<h1>HAYR\u0130 \u00c7\u00d6LA\u015eAN<\/h1>\n<h4>CINEMATOGRAPHER<\/h3>\n\t\t\n<style>\n#text-3930036489 {\n  line-height: 1;\n  color: rgb(0,0,0);\n}\n#text-3930036489 > * {\n  color: rgb(0,0,0);\n}\n<\/style>\n\t<\/div>\n\t\n\n\t\t<\/div>\n\t\t\t\t\t<\/div>\n\n\t\n\n\t<div id=\"col-976891823\" class=\"col medium-4 small-12 large-4\"  >\n\t\t\t\t<div class=\"col-inner text-center\"  >\n\t\t\t\n\t\t\t\n\n\t<div class=\"img has-hover x md-x lg-x y md-y lg-y\" id=\"image_1955683358\">\n\t\t\t\t\t\t\t\t<div class=\"img-inner dark\" >\n\t\t\t<img loading=\"lazy\" decoding=\"async\" width=\"640\" height=\"800\" src=\"https:\/\/isff.com.tr\/wp-content\/uploads\/2025\/03\/02-ilker-aslan.jpg\" class=\"attachment-original size-original\" alt=\"\" srcset=\"https:\/\/isff.com.tr\/wp-content\/uploads\/2025\/03\/02-ilker-aslan.jpg 640w, https:\/\/isff.com.tr\/wp-content\/uploads\/2025\/03\/02-ilker-aslan-320x400.jpg 320w, https:\/\/isff.com.tr\/wp-content\/uploads\/2025\/03\/02-ilker-aslan-10x12.jpg 10w\" sizes=\"auto, (max-width: 640px) 100vw, 640px\" \/>\t\t\t\t\t\t\n\t\t\t\t\t<\/div>\n\t\t\t\t\t\t\t\t\n<style>\n#image_1955683358 {\n  width: 80%;\n}\n<\/style>\n\t<\/div>\n\t\n\n\t<div id=\"text-3967279763\" class=\"text\">\n\t\t\n\n<h1>\u0130LKER ASLAN<\/h1>\n<h4>SCRIPTWRITER<\/h3>\n\t\t\n<style>\n#text-3967279763 {\n  line-height: 1;\n  color: rgb(0,0,0);\n}\n#text-3967279763 > * {\n  color: rgb(0,0,0);\n}\n<\/style>\n\t<\/div>\n\t\n\n\t\t<\/div>\n\t\t\t\t\t<\/div>\n\n\t\n\n\t<div id=\"col-595688635\" class=\"col medium-4 small-12 large-4\"  >\n\t\t\t\t<div class=\"col-inner text-center\"  >\n\t\t\t\n\t\t\t\n\n\t<div class=\"img has-hover x md-x lg-x y md-y lg-y\" id=\"image_1355081256\">\n\t\t\t\t\t\t\t\t<div class=\"img-inner dark\" >\n\t\t\t<img loading=\"lazy\" decoding=\"async\" width=\"640\" height=\"800\" src=\"https:\/\/isff.com.tr\/wp-content\/uploads\/2025\/03\/03-cenk-demirkiran.jpg\" class=\"attachment-original size-original\" alt=\"\" srcset=\"https:\/\/isff.com.tr\/wp-content\/uploads\/2025\/03\/03-cenk-demirkiran.jpg 640w, https:\/\/isff.com.tr\/wp-content\/uploads\/2025\/03\/03-cenk-demirkiran-320x400.jpg 320w, https:\/\/isff.com.tr\/wp-content\/uploads\/2025\/03\/03-cenk-demirkiran-10x12.jpg 10w\" sizes=\"auto, (max-width: 640px) 100vw, 640px\" \/>\t\t\t\t\t\t\n\t\t\t\t\t<\/div>\n\t\t\t\t\t\t\t\t\n<style>\n#image_1355081256 {\n  width: 80%;\n}\n<\/style>\n\t<\/div>\n\t\n\n\t<div id=\"text-1390592972\" class=\"text\">\n\t\t\n\n<h1>PROF. DR. CENK DEM\u0130RKIRAN<\/h1>\n<h4>DIRECTOR - COMMUNICATION SCIENTIST<\/h3>\n\t\t\n<style>\n#text-1390592972 {\n  line-height: 1;\n  color: rgb(0,0,0);\n}\n#text-1390592972 > * {\n  color: rgb(0,0,0);\n}\n<\/style>\n\t<\/div>\n\t\n\n\t\t<\/div>\n\t\t\t\t\t<\/div>\n\n\t\n\n<\/div>\n\t<div id=\"gap-1945813757\" class=\"gap-element clearfix\" style=\"display:block; height:auto;\">\n\t\t\n<style>\n#gap-1945813757 {\n  padding-top: 50px;\n}\n<\/style>\n\t<\/div>\n\t\n\n<div class=\"container section-title-container\" ><h1 class=\"section-title section-title-center\"><b><\/b><span class=\"section-title-main\" style=\"color:rgb(0, 0, 0);\">SHORT FILM COMPETITION JURY<\/span><b><\/b><\/h1><\/div>\n\n\t<div id=\"gap-1540097075\" class=\"gap-element clearfix\" style=\"display:block; height:auto;\">\n\t\t\n<style>\n#gap-1540097075 {\n  padding-top: 20px;\n}\n<\/style>\n\t<\/div>\n\t\n\n<div class=\"row\"  id=\"row-375686474\">\n\n\n\t<div id=\"col-1076516976\" class=\"col medium-4 small-12 large-4\"  >\n\t\t\t\t<div class=\"col-inner text-center\"  >\n\t\t\t\n\t\t\t\n\n\t<div class=\"img has-hover x md-x lg-x y md-y lg-y\" id=\"image_204551347\">\n\t\t\t\t\t\t\t\t<div class=\"img-inner dark\" >\n\t\t\t<img loading=\"lazy\" decoding=\"async\" width=\"640\" height=\"800\" src=\"https:\/\/isff.com.tr\/wp-content\/uploads\/2025\/03\/01-gorkem-yeltan.jpg\" class=\"attachment-original size-original\" alt=\"\" srcset=\"https:\/\/isff.com.tr\/wp-content\/uploads\/2025\/03\/01-gorkem-yeltan.jpg 640w, https:\/\/isff.com.tr\/wp-content\/uploads\/2025\/03\/01-gorkem-yeltan-320x400.jpg 320w, https:\/\/isff.com.tr\/wp-content\/uploads\/2025\/03\/01-gorkem-yeltan-10x12.jpg 10w\" sizes=\"auto, (max-width: 640px) 100vw, 640px\" \/>\t\t\t\t\t\t\n\t\t\t\t\t<\/div>\n\t\t\t\t\t\t\t\t\n<style>\n#image_204551347 {\n  width: 80%;\n}\n<\/style>\n\t<\/div>\n\t\n\n\t<div id=\"text-3831965793\" class=\"text\">\n\t\t\n\n<h1>G\u00d6RKEM YELTAN<\/h1>\n<h4>WRITER \u2013 ACTRESS<\/h3>\n\n\t\t\n<style>\n#text-3831965793 {\n  line-height: 1;\n  color: rgb(0,0,0);\n}\n#text-3831965793 > * {\n  color: rgb(0,0,0);\n}\n<\/style>\n\t<\/div>\n\t\n\n\t\t<\/div>\n\t\t\t\t\t<\/div>\n\n\t\n\n\t<div id=\"col-212882858\" class=\"col medium-4 small-12 large-4\"  >\n\t\t\t\t<div class=\"col-inner text-center\"  >\n\t\t\t\n\t\t\t\n\n\t<div class=\"img has-hover x md-x lg-x y md-y lg-y\" id=\"image_100411922\">\n\t\t\t\t\t\t\t\t<div class=\"img-inner dark\" >\n\t\t\t<img loading=\"lazy\" decoding=\"async\" width=\"640\" height=\"800\" src=\"https:\/\/isff.com.tr\/wp-content\/uploads\/2025\/03\/02-omer-faruk-sorak.jpg\" class=\"attachment-original size-original\" alt=\"\" srcset=\"https:\/\/isff.com.tr\/wp-content\/uploads\/2025\/03\/02-omer-faruk-sorak.jpg 640w, https:\/\/isff.com.tr\/wp-content\/uploads\/2025\/03\/02-omer-faruk-sorak-320x400.jpg 320w, https:\/\/isff.com.tr\/wp-content\/uploads\/2025\/03\/02-omer-faruk-sorak-10x12.jpg 10w\" sizes=\"auto, (max-width: 640px) 100vw, 640px\" \/>\t\t\t\t\t\t\n\t\t\t\t\t<\/div>\n\t\t\t\t\t\t\t\t\n<style>\n#image_100411922 {\n  width: 80%;\n}\n<\/style>\n\t<\/div>\n\t\n\n\t<div id=\"text-1466252512\" class=\"text\">\n\t\t\n\n<h1>\u00d6MER FARUK SORAK<\/h1>\n<h4>DIRECTOR<\/h3>\n\n\t\t\n<style>\n#text-1466252512 {\n  line-height: 1;\n  color: rgb(0,0,0);\n}\n#text-1466252512 > * {\n  color: rgb(0,0,0);\n}\n<\/style>\n\t<\/div>\n\t\n\n\t\t<\/div>\n\t\t\t\t\t<\/div>\n\n\t\n\n\t<div id=\"col-336328030\" class=\"col medium-4 small-12 large-4\"  >\n\t\t\t\t<div class=\"col-inner text-center\"  >\n\t\t\t\n\t\t\t\n\n\t<div class=\"img has-hover x md-x lg-x y md-y lg-y\" id=\"image_870103519\">\n\t\t\t\t\t\t\t\t<div class=\"img-inner dark\" >\n\t\t\t<img loading=\"lazy\" decoding=\"async\" width=\"640\" height=\"800\" src=\"https:\/\/isff.com.tr\/wp-content\/uploads\/2025\/03\/03-onur-unsal.jpg\" class=\"attachment-original size-original\" alt=\"\" srcset=\"https:\/\/isff.com.tr\/wp-content\/uploads\/2025\/03\/03-onur-unsal.jpg 640w, https:\/\/isff.com.tr\/wp-content\/uploads\/2025\/03\/03-onur-unsal-320x400.jpg 320w, https:\/\/isff.com.tr\/wp-content\/uploads\/2025\/03\/03-onur-unsal-10x12.jpg 10w\" sizes=\"auto, (max-width: 640px) 100vw, 640px\" \/>\t\t\t\t\t\t\n\t\t\t\t\t<\/div>\n\t\t\t\t\t\t\t\t\n<style>\n#image_870103519 {\n  width: 80%;\n}\n<\/style>\n\t<\/div>\n\t\n\n\t<div id=\"text-1750069779\" class=\"text\">\n\t\t\n\n<h1>ONUR \u00dcNSAL<\/h1>\n<h4>ACTOR<\/h3>\n\n\t\t\n<style>\n#text-1750069779 {\n  line-height: 1;\n  color: rgb(0,0,0);\n}\n#text-1750069779 > * {\n  color: rgb(0,0,0);\n}\n<\/style>\n\t<\/div>\n\t\n\n\t\t<\/div>\n\t\t\t\t\t<\/div>\n\n\t\n\n<\/div>\n<div class=\"row\"  id=\"row-721717957\">\n\n\n\t<div id=\"col-1230976050\" class=\"col medium-4 small-12 large-4\"  >\n\t\t\t\t<div class=\"col-inner text-center\"  >\n\t\t\t\n\t\t\t\n\n\t<div class=\"img has-hover x md-x lg-x y md-y lg-y\" id=\"image_1393642106\">\n\t\t\t\t\t\t\t\t<div class=\"img-inner dark\" >\n\t\t\t<img loading=\"lazy\" decoding=\"async\" width=\"640\" height=\"800\" src=\"https:\/\/isff.com.tr\/wp-content\/uploads\/2025\/03\/04-onder-ozen.jpg\" class=\"attachment-original size-original\" alt=\"\" srcset=\"https:\/\/isff.com.tr\/wp-content\/uploads\/2025\/03\/04-onder-ozen.jpg 640w, https:\/\/isff.com.tr\/wp-content\/uploads\/2025\/03\/04-onder-ozen-320x400.jpg 320w, https:\/\/isff.com.tr\/wp-content\/uploads\/2025\/03\/04-onder-ozen-10x12.jpg 10w\" sizes=\"auto, (max-width: 640px) 100vw, 640px\" \/>\t\t\t\t\t\t\n\t\t\t\t\t<\/div>\n\t\t\t\t\t\t\t\t\n<style>\n#image_1393642106 {\n  width: 80%;\n}\n<\/style>\n\t<\/div>\n\t\n\n\t<div id=\"text-3092443559\" class=\"text\">\n\t\t\n\n<h1>\u00d6NDER \u00d6ZEN<\/h1>\n<h4>COMMENTATOR - COACH<\/h3>\n\n\t\t\n<style>\n#text-3092443559 {\n  line-height: 1;\n  color: rgb(0,0,0);\n}\n#text-3092443559 > * {\n  color: rgb(0,0,0);\n}\n<\/style>\n\t<\/div>\n\t\n\n\t\t<\/div>\n\t\t\t\t\t<\/div>\n\n\t\n\n\t<div id=\"col-856777926\" class=\"col medium-4 small-12 large-4\"  >\n\t\t\t\t<div class=\"col-inner text-center\"  >\n\t\t\t\n\t\t\t\n\n\t<div class=\"img has-hover x md-x lg-x y md-y lg-y\" id=\"image_1988232273\">\n\t\t\t\t\t\t\t\t<div class=\"img-inner dark\" >\n\t\t\t<img loading=\"lazy\" decoding=\"async\" width=\"640\" height=\"800\" src=\"https:\/\/isff.com.tr\/wp-content\/uploads\/2025\/03\/05-burcu-kapu.jpg\" class=\"attachment-original size-original\" alt=\"\" srcset=\"https:\/\/isff.com.tr\/wp-content\/uploads\/2025\/03\/05-burcu-kapu.jpg 640w, https:\/\/isff.com.tr\/wp-content\/uploads\/2025\/03\/05-burcu-kapu-320x400.jpg 320w, https:\/\/isff.com.tr\/wp-content\/uploads\/2025\/03\/05-burcu-kapu-10x12.jpg 10w\" sizes=\"auto, (max-width: 640px) 100vw, 640px\" \/>\t\t\t\t\t\t\n\t\t\t\t\t<\/div>\n\t\t\t\t\t\t\t\t\n<style>\n#image_1988232273 {\n  width: 80%;\n}\n<\/style>\n\t<\/div>\n\t\n\n\t<div id=\"text-1477028161\" class=\"text\">\n\t\t\n\n<h1>BURCU KAPU<\/h1>\n<h4>WRITER - COMMENTATOR<\/h3>\n\n\t\t\n<style>\n#text-1477028161 {\n  line-height: 1;\n  color: rgb(0,0,0);\n}\n#text-1477028161 > * {\n  color: rgb(0,0,0);\n}\n<\/style>\n\t<\/div>\n\t\n\n\t\t<\/div>\n\t\t\t\t\t<\/div>\n\n\t\n\n\t<div id=\"col-126888463\" class=\"col medium-4 small-12 large-4\"  >\n\t\t\t\t<div class=\"col-inner text-center\"  >\n\t\t\t\n\t\t\t\n\n\t<div class=\"img has-hover x md-x lg-x y md-y lg-y\" id=\"image_1357899673\">\n\t\t\t\t\t\t\t\t<div class=\"img-inner dark\" >\n\t\t\t<img loading=\"lazy\" decoding=\"async\" width=\"640\" height=\"800\" src=\"https:\/\/isff.com.tr\/wp-content\/uploads\/2025\/03\/06-feza-caldiran.jpg\" class=\"attachment-original size-original\" alt=\"\" srcset=\"https:\/\/isff.com.tr\/wp-content\/uploads\/2025\/03\/06-feza-caldiran.jpg 640w, https:\/\/isff.com.tr\/wp-content\/uploads\/2025\/03\/06-feza-caldiran-320x400.jpg 320w, https:\/\/isff.com.tr\/wp-content\/uploads\/2025\/03\/06-feza-caldiran-10x12.jpg 10w\" sizes=\"auto, (max-width: 640px) 100vw, 640px\" \/>\t\t\t\t\t\t\n\t\t\t\t\t<\/div>\n\t\t\t\t\t\t\t\t\n<style>\n#image_1357899673 {\n  width: 80%;\n}\n<\/style>\n\t<\/div>\n\t\n\n\t<div id=\"text-2107564565\" class=\"text\">\n\t\t\n\n<h1>FEZA \u00c7ALDIRAN<\/h1>\n<h4>CINEMATOGRAPHER<\/h3>\n\n\t\t\n<style>\n#text-2107564565 {\n  line-height: 1;\n  color: rgb(0,0,0);\n}\n#text-2107564565 > * {\n  color: rgb(0,0,0);\n}\n<\/style>\n\t<\/div>\n\t\n\n\t\t<\/div>\n\t\t\t\t\t<\/div>\n\n\t\n\n<\/div>","protected":false},"excerpt":{"rendered":"","protected":false},"author":2,"featured_media":0,"parent":1687,"menu_order":0,"comment_status":"closed","ping_status":"closed","template":"","meta":{"footnotes":""},"class_list":["post-813","page","type-page","status-publish","hentry"],"_links":{"self":[{"href":"https:\/\/isff.com.tr\/en\/wp-json\/wp\/v2\/pages\/813","targetHints":{"allow":["GET"]}}],"collection":[{"href":"https:\/\/isff.com.tr\/en\/wp-json\/wp\/v2\/pages"}],"about":[{"href":"https:\/\/isff.com.tr\/en\/wp-json\/wp\/v2\/types\/page"}],"author":[{"embeddable":true,"href":"https:\/\/isff.com.tr\/en\/wp-json\/wp\/v2\/users\/2"}],"replies":[{"embeddable":true,"href":"https:\/\/isff.com.tr\/en\/wp-json\/wp\/v2\/comments?post=813"}],"version-history":[{"count":6,"href":"https:\/\/isff.com.tr\/en\/wp-json\/wp\/v2\/pages\/813\/revisions"}],"predecessor-version":[{"id":865,"href":"https:\/\/isff.com.tr\/en\/wp-json\/wp\/v2\/pages\/813\/revisions\/865"}],"up":[{"embeddable":true,"href":"https:\/\/isff.com.tr\/en\/wp-json\/wp\/v2\/pages\/1687"}],"wp:attachment":[{"href":"https:\/\/isff.com.tr\/en\/wp-json\/wp\/v2\/media?parent=813"}],"curies":[{"name":"wp","href":"https:\/\/api.w.org\/{rel}","templated":true}]}}