{"id":1974,"date":"2026-03-03T00:41:19","date_gmt":"2026-03-02T21:41:19","guid":{"rendered":"https:\/\/isff.com.tr\/?page_id=1974"},"modified":"2026-03-18T14:58:32","modified_gmt":"2026-03-18T11:58:32","slug":"lefter-bir-ordinaryus-hikayesi","status":"publish","type":"page","link":"https:\/\/isff.com.tr\/en\/lefter-bir-ordinaryus-hikayesi\/","title":{"rendered":"LEFTER: B\u0130R ORD\u0130NARY\u00dcS H\u0130KAYES\u0130"},"content":{"rendered":"<div class=\"row\"  id=\"row-665296198\">\n\n\n\t<div id=\"col-380227760\" class=\"col small-12 large-12\"  >\n\t\t\t\t<div class=\"col-inner\"  >\n\t\t\t\n\t\t\t\n\n\n\t\t<\/div>\n\t\t\t\t\t<\/div>\n\n\t\n\n<\/div>\n<div class=\"container section-title-container\" ><h1 class=\"section-title section-title-center\"><b><\/b><span class=\"section-title-main\" style=\"color:rgb(0, 0, 0);\">LEFTER: B\u0130R ORD\u0130NARY\u00dcS H\u0130KAYES\u0130<\/span><b><\/b><\/h1><\/div>\n\n<div class=\"row\"  id=\"row-774853671\">\n\n\n\t<div id=\"col-927166918\" class=\"col medium-4 small-12 large-4\"  >\n\t\t\t\t<div class=\"col-inner\"  >\n\t\t\t\n\t\t\t\n\n\t<div class=\"img has-hover x md-x lg-x y md-y lg-y\" id=\"image_1089550280\">\n\t\t\t\t\t\t\t\t<div class=\"img-inner dark\" >\n\t\t\t<img loading=\"lazy\" decoding=\"async\" width=\"1260\" height=\"1753\" src=\"https:\/\/isff.com.tr\/wp-content\/uploads\/2026\/03\/BIR-ORDINARYUS-HIKAYESI-LEFTER-AFIS-2.jpeg\" class=\"attachment-original size-original\" alt=\"\" srcset=\"https:\/\/isff.com.tr\/wp-content\/uploads\/2026\/03\/BIR-ORDINARYUS-HIKAYESI-LEFTER-AFIS-2.jpeg 1260w, https:\/\/isff.com.tr\/wp-content\/uploads\/2026\/03\/BIR-ORDINARYUS-HIKAYESI-LEFTER-AFIS-2-288x400.jpeg 288w, https:\/\/isff.com.tr\/wp-content\/uploads\/2026\/03\/BIR-ORDINARYUS-HIKAYESI-LEFTER-AFIS-2-575x800.jpeg 575w, https:\/\/isff.com.tr\/wp-content\/uploads\/2026\/03\/BIR-ORDINARYUS-HIKAYESI-LEFTER-AFIS-2-768x1068.jpeg 768w, https:\/\/isff.com.tr\/wp-content\/uploads\/2026\/03\/BIR-ORDINARYUS-HIKAYESI-LEFTER-AFIS-2-1104x1536.jpeg 1104w, https:\/\/isff.com.tr\/wp-content\/uploads\/2026\/03\/BIR-ORDINARYUS-HIKAYESI-LEFTER-AFIS-2-9x12.jpeg 9w\" sizes=\"auto, (max-width: 1260px) 100vw, 1260px\" \/>\t\t\t\t\t\t\n\t\t\t\t\t<\/div>\n\t\t\t\t\t\t\t\t\n<style>\n#image_1089550280 {\n  width: 100%;\n}\n<\/style>\n\t<\/div>\n\t\n\n\n\t\t<\/div>\n\t\t\t\t\t<\/div>\n\n\t\n\n\t<div id=\"col-1534660723\" class=\"col medium-8 small-12 large-8\"  >\n\t\t\t\t<div class=\"col-inner\"  >\n\t\t\t\n\t\t\t\n\n<p><span style=\"font-weight: 400;\"><strong>YEAR OF PRODUCTION:<\/strong> 2025<\/span><\/p>\n<p><span style=\"font-weight: 400;\"><strong>COUNTRY:<\/strong> T\u00dcRK\u0130YE<\/span><\/p>\n<p><span style=\"font-weight: 400;\"><strong>DURATION:<\/strong> 126m<\/span><\/p>\n<p><span style=\"font-weight: 400;\"><strong>GENRE:<\/strong>\u00a0DRAMA\/B\u0130YOGRAF\u0130<\/span><\/p>\n<p><span style=\"font-weight: 400;\"><strong>DIRECTOR:<\/strong> CAN ULKAY<\/span><\/p>\n<p><span style=\"font-weight: 400;\"><strong>WRITER:<\/strong> AY\u015eE \u0130LKER TURGUT<\/span><\/p>\n<p><span style=\"font-weight: 400;\"><strong>PRODUCER:<\/strong> T\u0130MUR SAVCI\/CAN ULKAY\/FAT\u0130H DA\u011eLI\/CEMAL OKAN\/O\u011eUZ H\u0130DAYETO\u011eLU<\/span><\/p>\n<p><strong>PRODUCTION COMPANIES:\u00a0<\/strong>TAFF PICTURES &amp; ARK PICTURES<\/p>\n<p><img decoding=\"async\" class=\"wp-image-1988 size-full\" src=\"https:\/\/isff.com.tr\/wp-content\/uploads\/2026\/03\/netflix-logo.png\" alt=\"\" width=\"100\" srcset=\"https:\/\/isff.com.tr\/wp-content\/uploads\/2026\/03\/netflix-logo.png 1428w, https:\/\/isff.com.tr\/wp-content\/uploads\/2026\/03\/netflix-logo-800x215.png 800w, https:\/\/isff.com.tr\/wp-content\/uploads\/2026\/03\/netflix-logo-1400x376.png 1400w, https:\/\/isff.com.tr\/wp-content\/uploads\/2026\/03\/netflix-logo-768x207.png 768w, https:\/\/isff.com.tr\/wp-content\/uploads\/2026\/03\/netflix-logo-18x5.png 18w\" sizes=\"(max-width: 1428px) 100vw, 1428px\" \/> <span style=\"margin-left: 10px;\">presents.<\/span><\/p>\n<p><span style=\"font-weight: 400;\"><strong>OVERVIEW:<\/strong> Born on B\u00fcy\u00fckada and raised within the multicultural fabric of the Princes' Islands, Lefter defies his father Hristo's strict wishes and decides to become a footballer. However, his journey to success will require him to overcome many struggles. The challenges he faces with his family, love, and identity transform Lefter into a global legend.<\/span><\/p>\n\n\t\t<\/div>\n\t\t\t\t\t<\/div>\n\n\t\n\n<\/div>","protected":false},"excerpt":{"rendered":"","protected":false},"author":2,"featured_media":0,"parent":0,"menu_order":0,"comment_status":"closed","ping_status":"closed","template":"","meta":{"footnotes":""},"class_list":["post-1974","page","type-page","status-publish","hentry"],"_links":{"self":[{"href":"https:\/\/isff.com.tr\/en\/wp-json\/wp\/v2\/pages\/1974","targetHints":{"allow":["GET"]}}],"collection":[{"href":"https:\/\/isff.com.tr\/en\/wp-json\/wp\/v2\/pages"}],"about":[{"href":"https:\/\/isff.com.tr\/en\/wp-json\/wp\/v2\/types\/page"}],"author":[{"embeddable":true,"href":"https:\/\/isff.com.tr\/en\/wp-json\/wp\/v2\/users\/2"}],"replies":[{"embeddable":true,"href":"https:\/\/isff.com.tr\/en\/wp-json\/wp\/v2\/comments?post=1974"}],"version-history":[{"count":9,"href":"https:\/\/isff.com.tr\/en\/wp-json\/wp\/v2\/pages\/1974\/revisions"}],"predecessor-version":[{"id":2025,"href":"https:\/\/isff.com.tr\/en\/wp-json\/wp\/v2\/pages\/1974\/revisions\/2025"}],"wp:attachment":[{"href":"https:\/\/isff.com.tr\/en\/wp-json\/wp\/v2\/media?parent=1974"}],"curies":[{"name":"wp","href":"https:\/\/api.w.org\/{rel}","templated":true}]}}