{"id":1958,"date":"2026-03-03T00:29:39","date_gmt":"2026-03-02T21:29:39","guid":{"rendered":"https:\/\/isff.com.tr\/?page_id=1958"},"modified":"2026-03-04T18:35:55","modified_gmt":"2026-03-04T15:35:55","slug":"1981-turk-basketbolunun-donum-noktasi","status":"publish","type":"page","link":"https:\/\/isff.com.tr\/en\/1981-turk-basketbolunun-donum-noktasi\/","title":{"rendered":"1981 T\u00dcRK BASKETBOLUNUN D\u00d6N\u00dcM NOKTASI"},"content":{"rendered":"<div class=\"row\"  id=\"row-15052236\">\n\n\n\t<div id=\"col-652294589\" class=\"col small-12 large-12\"  >\n\t\t\t\t<div class=\"col-inner\"  >\n\t\t\t\n\t\t\t\n\n\n\t\t<\/div>\n\t\t\t\t\t<\/div>\n\n\t\n\n<\/div>\n<div class=\"container section-title-container\" ><h1 class=\"section-title section-title-center\"><b><\/b><span class=\"section-title-main\" style=\"color:rgb(0, 0, 0);\">1981 T\u00dcRK BASKETBOLUNUN D\u00d6N\u00dcM NOKTASI<\/span><b><\/b><\/h1><\/div>\n\n<div class=\"row\"  id=\"row-1503374625\">\n\n\n\t<div id=\"col-550327255\" class=\"col medium-4 small-12 large-4\"  >\n\t\t\t\t<div class=\"col-inner\"  >\n\t\t\t\n\t\t\t\n\n\t<div class=\"img has-hover x md-x lg-x y md-y lg-y\" id=\"image_152211524\">\n\t\t\t\t\t\t\t\t<div class=\"img-inner dark\" >\n\t\t\t<img loading=\"lazy\" decoding=\"async\" width=\"500\" height=\"741\" src=\"https:\/\/isff.com.tr\/wp-content\/uploads\/2026\/03\/1981_poster_2.jpg\" class=\"attachment-large size-large\" alt=\"\" srcset=\"https:\/\/isff.com.tr\/wp-content\/uploads\/2026\/03\/1981_poster_2.jpg 500w, https:\/\/isff.com.tr\/wp-content\/uploads\/2026\/03\/1981_poster_2-270x400.jpg 270w, https:\/\/isff.com.tr\/wp-content\/uploads\/2026\/03\/1981_poster_2-8x12.jpg 8w\" sizes=\"auto, (max-width: 500px) 100vw, 500px\" \/>\t\t\t\t\t\t\n\t\t\t\t\t<\/div>\n\t\t\t\t\t\t\t\t\n<style>\n#image_152211524 {\n  width: 100%;\n}\n<\/style>\n\t<\/div>\n\t\n\n\n\t\t<\/div>\n\t\t\t\t\t<\/div>\n\n\t\n\n\t<div id=\"col-688223122\" class=\"col medium-8 small-12 large-8\"  >\n\t\t\t\t<div class=\"col-inner\"  >\n\t\t\t\n\t\t\t\n\n<p><span style=\"font-weight: 400;\"><strong>YEAR OF PRODUCTION:<\/strong> 2024<\/span><\/p>\n<p><span style=\"font-weight: 400;\"><strong>COUNTRY:<\/strong> T\u00dcRK\u0130YE<\/span><\/p>\n<p><span style=\"font-weight: 400;\"><strong>DURATION:<\/strong> 39m 52s<\/span><\/p>\n<p><span style=\"font-weight: 400;\"><strong>GENRE:<\/strong> DOCUMENTARY<\/span><\/p>\n<p><span style=\"font-weight: 400;\"><strong>DIRECTOR:<\/strong> OZAN TORUN<\/span><\/p>\n<p><span style=\"font-weight: 400;\"><strong>PRODUCER:<\/strong> MEHMET ALTIOKLAR<\/span><\/p>\n<p><span style=\"font-weight: 400;\"><strong>KONU<\/strong>: The film brings to the screen the journey toward the peak of Turkish basketball in 1981, as well as the growth and transformations experienced throughout this process.<\/span><\/p>\n\n\t\t<\/div>\n\t\t\t\t\t<\/div>\n\n\t\n\n<\/div>","protected":false},"excerpt":{"rendered":"","protected":false},"author":2,"featured_media":0,"parent":0,"menu_order":0,"comment_status":"closed","ping_status":"closed","template":"","meta":{"footnotes":""},"class_list":["post-1958","page","type-page","status-publish","hentry"],"_links":{"self":[{"href":"https:\/\/isff.com.tr\/en\/wp-json\/wp\/v2\/pages\/1958","targetHints":{"allow":["GET"]}}],"collection":[{"href":"https:\/\/isff.com.tr\/en\/wp-json\/wp\/v2\/pages"}],"about":[{"href":"https:\/\/isff.com.tr\/en\/wp-json\/wp\/v2\/types\/page"}],"author":[{"embeddable":true,"href":"https:\/\/isff.com.tr\/en\/wp-json\/wp\/v2\/users\/2"}],"replies":[{"embeddable":true,"href":"https:\/\/isff.com.tr\/en\/wp-json\/wp\/v2\/comments?post=1958"}],"version-history":[{"count":3,"href":"https:\/\/isff.com.tr\/en\/wp-json\/wp\/v2\/pages\/1958\/revisions"}],"predecessor-version":[{"id":1984,"href":"https:\/\/isff.com.tr\/en\/wp-json\/wp\/v2\/pages\/1958\/revisions\/1984"}],"wp:attachment":[{"href":"https:\/\/isff.com.tr\/en\/wp-json\/wp\/v2\/media?parent=1958"}],"curies":[{"name":"wp","href":"https:\/\/api.w.org\/{rel}","templated":true}]}}