{"id":1943,"date":"2026-03-03T00:21:58","date_gmt":"2026-03-02T21:21:58","guid":{"rendered":"https:\/\/isff.com.tr\/?page_id=1943"},"modified":"2026-03-03T00:23:43","modified_gmt":"2026-03-02T21:23:43","slug":"tesekkurler-kafkaf","status":"publish","type":"page","link":"https:\/\/isff.com.tr\/en\/tesekkurler-kafkaf\/","title":{"rendered":"TE\u015eEKK\u00dcRLER KAFKAF"},"content":{"rendered":"<div class=\"row\"  id=\"row-416304267\">\n\n\n\t<div id=\"col-1928794803\" class=\"col small-12 large-12\"  >\n\t\t\t\t<div class=\"col-inner\"  >\n\t\t\t\n\t\t\t\n\n\n\t\t<\/div>\n\t\t\t\t\t<\/div>\n\n\t\n\n<\/div>\n<div class=\"container section-title-container\" ><h1 class=\"section-title section-title-center\"><b><\/b><span class=\"section-title-main\" style=\"color:rgb(0, 0, 0);\">THANKS KAF KAF<\/span><b><\/b><\/h1><\/div>\n\n<div class=\"row\"  id=\"row-576296966\">\n\n\n\t<div id=\"col-899765343\" class=\"col medium-4 small-12 large-4\"  >\n\t\t\t\t<div class=\"col-inner\"  >\n\t\t\t\n\t\t\t\n\n\t<div class=\"img has-hover x md-x lg-x y md-y lg-y\" id=\"image_1807734545\">\n\t\t\t\t\t\t\t\t<div class=\"img-inner dark\" >\n\t\t\t<img loading=\"lazy\" decoding=\"async\" width=\"609\" height=\"800\" src=\"https:\/\/isff.com.tr\/wp-content\/uploads\/2026\/03\/THANKS-KAF-KAF.jpg\" class=\"attachment-large size-large\" alt=\"\" srcset=\"https:\/\/isff.com.tr\/wp-content\/uploads\/2026\/03\/THANKS-KAF-KAF.jpg 609w, https:\/\/isff.com.tr\/wp-content\/uploads\/2026\/03\/THANKS-KAF-KAF-305x400.jpg 305w, https:\/\/isff.com.tr\/wp-content\/uploads\/2026\/03\/THANKS-KAF-KAF-9x12.jpg 9w\" sizes=\"auto, (max-width: 609px) 100vw, 609px\" \/>\t\t\t\t\t\t\n\t\t\t\t\t<\/div>\n\t\t\t\t\t\t\t\t\n<style>\n#image_1807734545 {\n  width: 100%;\n}\n<\/style>\n\t<\/div>\n\t\n\n\n\t\t<\/div>\n\t\t\t\t\t<\/div>\n\n\t\n\n\t<div id=\"col-567113969\" class=\"col medium-8 small-12 large-8\"  >\n\t\t\t\t<div class=\"col-inner\"  >\n\t\t\t\n\t\t\t\n\n<p><span style=\"font-weight: 400;\"><strong>YEAR OF PRODUCTION:<\/strong> 2025<\/span><\/p>\n<p><span style=\"font-weight: 400;\"><strong>COUNTRY:<\/strong> T\u00dcRK\u0130YE<\/span><\/p>\n<p><span style=\"font-weight: 400;\"><strong>DURATION:<\/strong> 30m<\/span><\/p>\n<p><span style=\"font-weight: 400;\"><strong>GENRE:<\/strong> DOCUMENTARY<\/span><\/p>\n<p><span style=\"font-weight: 400;\"><strong>DIRECTOR:<\/strong> \u00d6MER G\u00dcM\u00dc\u015eER<\/span><\/p>\n<p><span style=\"font-weight: 400;\"><strong>PRODUCER:<\/strong> \u00d6MER G\u00dcM\u00dc\u015eER<\/span><\/p>\n<p><span style=\"font-weight: 400;\"><strong>OVERVIEW:<\/strong> With a history spanning more than a century, \u0130zmir\u2019s historic club Kar\u015f\u0131yaka appoints an official announcer for the first time in its history. Emerging from the stands, a voice becomes the sound of \u201cKaf Kaf,\u201d accompanying the club with its voice during a 24-year-long pursuit of championship and success.<\/span><\/p>\n<p><span style=\"font-weight: 400;\">After four years, Kar\u015f\u0131yaka qualifies for the play-offs and comes close to a championship once again. Through the music played and the goal announcements, this voice quickly earns the affection of the supporters and becomes a figure representing the spirit of the club.<\/span><\/p>\n\n\t\t<\/div>\n\t\t\t\t\t<\/div>\n\n\t\n\n<\/div>","protected":false},"excerpt":{"rendered":"","protected":false},"author":2,"featured_media":0,"parent":0,"menu_order":0,"comment_status":"closed","ping_status":"closed","template":"","meta":{"footnotes":""},"class_list":["post-1943","page","type-page","status-publish","hentry"],"_links":{"self":[{"href":"https:\/\/isff.com.tr\/en\/wp-json\/wp\/v2\/pages\/1943","targetHints":{"allow":["GET"]}}],"collection":[{"href":"https:\/\/isff.com.tr\/en\/wp-json\/wp\/v2\/pages"}],"about":[{"href":"https:\/\/isff.com.tr\/en\/wp-json\/wp\/v2\/types\/page"}],"author":[{"embeddable":true,"href":"https:\/\/isff.com.tr\/en\/wp-json\/wp\/v2\/users\/2"}],"replies":[{"embeddable":true,"href":"https:\/\/isff.com.tr\/en\/wp-json\/wp\/v2\/comments?post=1943"}],"version-history":[{"count":2,"href":"https:\/\/isff.com.tr\/en\/wp-json\/wp\/v2\/pages\/1943\/revisions"}],"predecessor-version":[{"id":1947,"href":"https:\/\/isff.com.tr\/en\/wp-json\/wp\/v2\/pages\/1943\/revisions\/1947"}],"wp:attachment":[{"href":"https:\/\/isff.com.tr\/en\/wp-json\/wp\/v2\/media?parent=1943"}],"curies":[{"name":"wp","href":"https:\/\/api.w.org\/{rel}","templated":true}]}}