{"id":1938,"date":"2026-03-03T00:19:39","date_gmt":"2026-03-02T21:19:39","guid":{"rendered":"https:\/\/isff.com.tr\/?page_id=1938"},"modified":"2026-03-03T00:53:51","modified_gmt":"2026-03-02T21:53:51","slug":"meydan-sesi-2","status":"publish","type":"page","link":"https:\/\/isff.com.tr\/en\/meydan-sesi-2\/","title":{"rendered":"MEYDAN SES\u0130"},"content":{"rendered":"<div class=\"row\"  id=\"row-937218595\">\n\n\n\t<div id=\"col-1086563990\" class=\"col small-12 large-12\"  >\n\t\t\t\t<div class=\"col-inner\"  >\n\t\t\t\n\t\t\t\n\n\n\t\t<\/div>\n\t\t\t\t\t<\/div>\n\n\t\n\n<\/div>\n<div class=\"container section-title-container\" ><h1 class=\"section-title section-title-center\"><b><\/b><span class=\"section-title-main\" style=\"color:rgb(0, 0, 0);\">MEYDAN SES\u0130<\/span><b><\/b><\/h1><\/div>\n\n<div class=\"row\"  id=\"row-715705899\">\n\n\n\t<div id=\"col-957332278\" class=\"col medium-4 small-12 large-4\"  >\n\t\t\t\t<div class=\"col-inner\"  >\n\t\t\t\n\t\t\t\n\n\t<div class=\"img has-hover x md-x lg-x y md-y lg-y\" id=\"image_1851034854\">\n\t\t\t\t\t\t\t\t<div class=\"img-inner dark\" >\n\t\t\t<img loading=\"lazy\" decoding=\"async\" width=\"566\" height=\"800\" src=\"https:\/\/isff.com.tr\/wp-content\/uploads\/2026\/03\/MEYDAN-SESI.jpg\" class=\"attachment-large size-large\" alt=\"\" srcset=\"https:\/\/isff.com.tr\/wp-content\/uploads\/2026\/03\/MEYDAN-SESI.jpg 566w, https:\/\/isff.com.tr\/wp-content\/uploads\/2026\/03\/MEYDAN-SESI-283x400.jpg 283w, https:\/\/isff.com.tr\/wp-content\/uploads\/2026\/03\/MEYDAN-SESI-8x12.jpg 8w\" sizes=\"auto, (max-width: 566px) 100vw, 566px\" \/>\t\t\t\t\t\t\n\t\t\t\t\t<\/div>\n\t\t\t\t\t\t\t\t\n<style>\n#image_1851034854 {\n  width: 100%;\n}\n<\/style>\n\t<\/div>\n\t\n\n\n\t\t<\/div>\n\t\t\t\t\t<\/div>\n\n\t\n\n\t<div id=\"col-1619510993\" class=\"col medium-8 small-12 large-8\"  >\n\t\t\t\t<div class=\"col-inner\"  >\n\t\t\t\n\t\t\t\n\n<p><span style=\"font-weight: 400;\"><strong>YEAR OF PRODUCTION:<\/strong> 2025<\/span><\/p>\n<p><span style=\"font-weight: 400;\"><strong>COUNTRY:<\/strong> T\u00dcRK\u0130YE<\/span><\/p>\n<p><span style=\"font-weight: 400;\"><strong>DURATION:<\/strong> 11m 37s<\/span><\/p>\n<p><span style=\"font-weight: 400;\"><strong>GENRE:<\/strong> DOCUMENTARY<\/span><\/p>\n<p><span style=\"font-weight: 400;\"><strong>DIRECTOR:<\/strong> AHMET DUVAR<\/span><\/p>\n<p><span style=\"font-weight: 400;\"><strong>WRITER:<\/strong> AHMET DUVAR<\/span><\/p>\n<p><span style=\"font-weight: 400;\"><strong>PRODUCER:<\/strong> \u0130CLAL HAVVA K\u00d6PR\u00dcC\u00dc<\/span><\/p>\n<p><span style=\"font-weight: 400;\"><strong>OVERVIEW:<\/strong> \"Meydan Sesi\" (The Sound of the Arena) is a short documentary that narrates the unseen face of the traditional oil wrestling (ya\u011fl\u0131 g\u00fcre\u015f) culture through the cazg\u0131r (the announcer\/master of ceremony), who is the carrier of the word and the ritual.<\/span><\/p>\n<p><span style=\"font-weight: 400;\">The calls echoing in an empty wrestling arena make the cultural memory, carried from the past to the present, visible; while the testimony of a chief wrestler (ba\u015fpehlivan) reveals how the cazg\u0131r prepares both the struggle and the soul of the wrestler. The film treats the arena not merely as a wrestling ground, but as a symbolic journey where courage, justice, and tradition are tested. By focusing on the power of the word, it reinterprets cultural heritage with a modern cinematic language.<\/span><\/p>\n\n\t\t<\/div>\n\t\t\t\t\t<\/div>\n\n\t\n\n<\/div>","protected":false},"excerpt":{"rendered":"","protected":false},"author":2,"featured_media":0,"parent":0,"menu_order":0,"comment_status":"closed","ping_status":"closed","template":"","meta":{"footnotes":""},"class_list":["post-1938","page","type-page","status-publish","hentry"],"_links":{"self":[{"href":"https:\/\/isff.com.tr\/en\/wp-json\/wp\/v2\/pages\/1938","targetHints":{"allow":["GET"]}}],"collection":[{"href":"https:\/\/isff.com.tr\/en\/wp-json\/wp\/v2\/pages"}],"about":[{"href":"https:\/\/isff.com.tr\/en\/wp-json\/wp\/v2\/types\/page"}],"author":[{"embeddable":true,"href":"https:\/\/isff.com.tr\/en\/wp-json\/wp\/v2\/users\/2"}],"replies":[{"embeddable":true,"href":"https:\/\/isff.com.tr\/en\/wp-json\/wp\/v2\/comments?post=1938"}],"version-history":[{"count":3,"href":"https:\/\/isff.com.tr\/en\/wp-json\/wp\/v2\/pages\/1938\/revisions"}],"predecessor-version":[{"id":1980,"href":"https:\/\/isff.com.tr\/en\/wp-json\/wp\/v2\/pages\/1938\/revisions\/1980"}],"wp:attachment":[{"href":"https:\/\/isff.com.tr\/en\/wp-json\/wp\/v2\/media?parent=1938"}],"curies":[{"name":"wp","href":"https:\/\/api.w.org\/{rel}","templated":true}]}}