{"id":1917,"date":"2026-03-03T00:03:49","date_gmt":"2026-03-02T21:03:49","guid":{"rendered":"https:\/\/isff.com.tr\/?page_id=1917"},"modified":"2026-03-18T14:59:06","modified_gmt":"2026-03-18T11:59:06","slug":"festival-seckisi","status":"publish","type":"page","link":"https:\/\/isff.com.tr\/en\/festival-seckisi\/","title":{"rendered":"Festival Selection"},"content":{"rendered":"<div class=\"row\"  id=\"row-1147665409\">\n\n\n\t<div id=\"col-1385466891\" class=\"col small-12 large-12\"  >\n\t\t\t\t<div class=\"col-inner\"  >\n\t\t\t\n\t\t\t\n\n\n\t\t<\/div>\n\t\t\t\t\t<\/div>\n\n\t\n\n<\/div>\n<div class=\"container section-title-container\" ><h1 class=\"section-title section-title-center\"><b><\/b><span class=\"section-title-main\" style=\"color:rgb(0, 0, 0);\">Festival Selection<\/span><b><\/b><\/h1><\/div>\n\n\t<div id=\"gap-2024120516\" class=\"gap-element clearfix\" style=\"display:block; height:auto;\">\n\t\t\n<style>\n#gap-2024120516 {\n  padding-top: 33px;\n}\n<\/style>\n\t<\/div>\n\t\n\n<div class=\"row\"  id=\"row-1413177883\">\n\n\n\t<div id=\"col-131321789\" class=\"col medium-4 small-12 large-4\"  >\n\t\t\t\t<div class=\"col-inner text-center\"  >\n\t\t\t\n\t\t\t\n\n\t<div class=\"img has-hover x md-x lg-x y md-y lg-y\" id=\"image_839207776\">\n\t\t<a class=\"\" href=\"https:\/\/isff.com.tr\/en\/the-kick\/\"  >\t\t\t\t\t\t<div class=\"img-inner dark\" >\n\t\t\t<img loading=\"lazy\" decoding=\"async\" width=\"533\" height=\"800\" src=\"https:\/\/isff.com.tr\/wp-content\/uploads\/2026\/03\/1000124148.jpg\" class=\"attachment-original size-original\" alt=\"\" srcset=\"https:\/\/isff.com.tr\/wp-content\/uploads\/2026\/03\/1000124148.jpg 533w, https:\/\/isff.com.tr\/wp-content\/uploads\/2026\/03\/1000124148-267x400.jpg 267w, https:\/\/isff.com.tr\/wp-content\/uploads\/2026\/03\/1000124148-8x12.jpg 8w\" sizes=\"auto, (max-width: 533px) 100vw, 533px\" \/>\t\t\t\t\t\t\n\t\t\t\t\t<\/div>\n\t\t\t\t\t\t<\/a>\t\t\n<style>\n#image_839207776 {\n  width: 74%;\n}\n<\/style>\n\t<\/div>\n\t\n\n\t<div id=\"text-3735973298\" class=\"text\">\n\t\t\n\n<h1><a href=\"https:\/\/isff.com.tr\/en\/the-kick\/\">THE KICK<\/a><\/h1>\n<h3><strong>MENGSHI HU<\/strong><\/h3>\n<p>DIRECTOR<\/p>\n<h3>UNITED STATES<\/h3>\n<p>COUNTRY<\/p>\n\t\t\n<style>\n#text-3735973298 {\n  line-height: 1;\n  color: rgb(0,0,0);\n}\n#text-3735973298 > * {\n  color: rgb(0,0,0);\n}\n<\/style>\n\t<\/div>\n\t\n\n\t\t<\/div>\n\t\t\t\t\n<style>\n#col-131321789 > .col-inner {\n  padding: 0px 0px 0px 0px;\n}\n<\/style>\n\t<\/div>\n\n\t\n\n\t<div id=\"col-1029130036\" class=\"col medium-4 small-12 large-4\"  >\n\t\t\t\t<div class=\"col-inner text-center\"  >\n\t\t\t\n\t\t\t\n\n\t<div class=\"img has-hover x md-x lg-x y md-y lg-y\" id=\"image_1007633188\">\n\t\t<a class=\"\" href=\"https:\/\/isff.com.tr\/en\/the-only-son-2\/\"  >\t\t\t\t\t\t<div class=\"img-inner dark\" >\n\t\t\t<img loading=\"lazy\" decoding=\"async\" width=\"560\" height=\"800\" src=\"https:\/\/isff.com.tr\/wp-content\/uploads\/2026\/03\/THE-ONLY-SON.jpg\" class=\"attachment-original size-original\" alt=\"\" srcset=\"https:\/\/isff.com.tr\/wp-content\/uploads\/2026\/03\/THE-ONLY-SON.jpg 560w, https:\/\/isff.com.tr\/wp-content\/uploads\/2026\/03\/THE-ONLY-SON-280x400.jpg 280w, https:\/\/isff.com.tr\/wp-content\/uploads\/2026\/03\/THE-ONLY-SON-8x12.jpg 8w\" sizes=\"auto, (max-width: 560px) 100vw, 560px\" \/>\t\t\t\t\t\t\n\t\t\t\t\t<\/div>\n\t\t\t\t\t\t<\/a>\t\t\n<style>\n#image_1007633188 {\n  width: 77%;\n}\n<\/style>\n\t<\/div>\n\t\n\n\t<div id=\"text-1005932486\" class=\"text\">\n\t\t\n\n<h1><a href=\"https:\/\/isff.com.tr\/en\/the-only-son-2\/\">THE ONLY SON<\/a><\/h1>\n<h3>PIOTR MATYJA<\/h3>\n<p>DIRECTOR<\/p>\n<h3>UNITED STATES<\/h3>\n<p>COUNTRY<\/p>\n\t\t\n<style>\n#text-1005932486 {\n  line-height: 1;\n  color: rgb(0,0,0);\n}\n#text-1005932486 > * {\n  color: rgb(0,0,0);\n}\n<\/style>\n\t<\/div>\n\t\n\n\t\t<\/div>\n\t\t\t\t\t<\/div>\n\n\t\n\n\t<div id=\"col-714484475\" class=\"col medium-4 small-12 large-4\"  >\n\t\t\t\t<div class=\"col-inner text-center\"  >\n\t\t\t\n\t\t\t\n\n\t<div class=\"img has-hover x md-x lg-x y md-y lg-y\" id=\"image_288404712\">\n\t\t<a class=\"\" href=\"https:\/\/isff.com.tr\/en\/one-jersey-many-roots-2\/\"  >\t\t\t\t\t\t<div class=\"img-inner dark\" >\n\t\t\t<img loading=\"lazy\" decoding=\"async\" width=\"520\" height=\"800\" src=\"https:\/\/isff.com.tr\/wp-content\/uploads\/2026\/03\/ONE-JERSEY-MANY-ROOTS.jpg\" class=\"attachment-original size-original\" alt=\"\" srcset=\"https:\/\/isff.com.tr\/wp-content\/uploads\/2026\/03\/ONE-JERSEY-MANY-ROOTS.jpg 520w, https:\/\/isff.com.tr\/wp-content\/uploads\/2026\/03\/ONE-JERSEY-MANY-ROOTS-260x400.jpg 260w, https:\/\/isff.com.tr\/wp-content\/uploads\/2026\/03\/ONE-JERSEY-MANY-ROOTS-8x12.jpg 8w\" sizes=\"auto, (max-width: 520px) 100vw, 520px\" \/>\t\t\t\t\t\t\n\t\t\t\t\t<\/div>\n\t\t\t\t\t\t<\/a>\t\t\n<style>\n#image_288404712 {\n  width: 73%;\n}\n<\/style>\n\t<\/div>\n\t\n\n\t<div id=\"text-2743512731\" class=\"text\">\n\t\t\n\n<h1><a href=\"https:\/\/isff.com.tr\/en\/one-jersey-many-roots-2\/\"><b>ONE JERSEY MANY ROOTS<\/b><\/a><\/h1>\n<h3><strong>MOHAMMED ALNAKHALA<\/strong><\/h3>\n<p>DIRECTOR<\/p>\n<h3><strong>KATAR<\/strong><\/h3>\n<p>COUNTRY<\/p>\n\t\t\n<style>\n#text-2743512731 {\n  line-height: 1;\n  color: rgb(0,0,0);\n}\n#text-2743512731 > * {\n  color: rgb(0,0,0);\n}\n<\/style>\n\t<\/div>\n\t\n\n\t\t<\/div>\n\t\t\t\t\t<\/div>\n\n\t\n\n<\/div>\n<div class=\"row\"  id=\"row-1283646287\">\n\n\n\t<div id=\"col-1307600574\" class=\"col medium-4 small-12 large-4\"  >\n\t\t\t\t<div class=\"col-inner text-center\"  >\n\t\t\t\n\t\t\t\n\n\t<div class=\"img has-hover x md-x lg-x y md-y lg-y\" id=\"image_1273788357\">\n\t\t<a class=\"\" href=\"https:\/\/isff.com.tr\/en\/fule-2\/\"  >\t\t\t\t\t\t<div class=\"img-inner dark\" >\n\t\t\t<img loading=\"lazy\" decoding=\"async\" width=\"566\" height=\"800\" src=\"https:\/\/isff.com.tr\/wp-content\/uploads\/2026\/03\/FULE.jpg\" class=\"attachment-original size-original\" alt=\"\" srcset=\"https:\/\/isff.com.tr\/wp-content\/uploads\/2026\/03\/FULE.jpg 566w, https:\/\/isff.com.tr\/wp-content\/uploads\/2026\/03\/FULE-283x400.jpg 283w, https:\/\/isff.com.tr\/wp-content\/uploads\/2026\/03\/FULE-8x12.jpg 8w\" sizes=\"auto, (max-width: 566px) 100vw, 566px\" \/>\t\t\t\t\t\t\n\t\t\t\t\t<\/div>\n\t\t\t\t\t\t<\/a>\t\t\n<style>\n#image_1273788357 {\n  width: 80%;\n}\n<\/style>\n\t<\/div>\n\t\n\n\t<div id=\"text-2773117042\" class=\"text\">\n\t\t\n\n<h1><a href=\"https:\/\/isff.com.tr\/en\/fule-2\/\"><b>FULE<\/b><\/a><\/h1>\n<h3><strong>SEM\u0130H ELL\u0130ALTI<\/strong><\/h3>\n<p>DIRECTOR<\/p>\n<h3><strong>T\u00dcRK\u0130YE<\/strong><\/h3>\n<p>COUNTRY<\/p>\n\t\t\n<style>\n#text-2773117042 {\n  line-height: 1;\n  color: rgb(0,0,0);\n}\n#text-2773117042 > * {\n  color: rgb(0,0,0);\n}\n<\/style>\n\t<\/div>\n\t\n\n\t\t<\/div>\n\t\t\t\t\t<\/div>\n\n\t\n\n\t<div id=\"col-1340022133\" class=\"col medium-4 small-12 large-4\"  >\n\t\t\t\t<div class=\"col-inner text-center\"  >\n\t\t\t\n\t\t\t\n\n\t<div class=\"img has-hover x md-x lg-x y md-y lg-y\" id=\"image_1351135157\">\n\t\t<a class=\"\" href=\"https:\/\/isff.com.tr\/en\/meydan-sesi-2\/\"  >\t\t\t\t\t\t<div class=\"img-inner dark\" >\n\t\t\t<img loading=\"lazy\" decoding=\"async\" width=\"566\" height=\"800\" src=\"https:\/\/isff.com.tr\/wp-content\/uploads\/2026\/03\/MEYDAN-SESI.jpg\" class=\"attachment-original size-original\" alt=\"\" srcset=\"https:\/\/isff.com.tr\/wp-content\/uploads\/2026\/03\/MEYDAN-SESI.jpg 566w, https:\/\/isff.com.tr\/wp-content\/uploads\/2026\/03\/MEYDAN-SESI-283x400.jpg 283w, https:\/\/isff.com.tr\/wp-content\/uploads\/2026\/03\/MEYDAN-SESI-8x12.jpg 8w\" sizes=\"auto, (max-width: 566px) 100vw, 566px\" \/>\t\t\t\t\t\t\n\t\t\t\t\t<\/div>\n\t\t\t\t\t\t<\/a>\t\t\n<style>\n#image_1351135157 {\n  width: 80%;\n}\n<\/style>\n\t<\/div>\n\t\n\n\t<div id=\"text-2394745209\" class=\"text\">\n\t\t\n\n<h1><a href=\"https:\/\/isff.com.tr\/en\/meydan-sesi-2\/\"><b>MEYDAN SES\u0130<\/b><\/a><\/h1>\n<h3><strong>AHMET DUVAR<\/strong><\/h3>\n<p>DIRECTOR<\/p>\n<h3><strong>T\u00dcRK\u0130YE<\/strong><\/h3>\n<p>COUNTRY<\/p>\n\t\t\n<style>\n#text-2394745209 {\n  line-height: 1;\n  color: rgb(0,0,0);\n}\n#text-2394745209 > * {\n  color: rgb(0,0,0);\n}\n<\/style>\n\t<\/div>\n\t\n\n\t\t<\/div>\n\t\t\t\t\t<\/div>\n\n\t\n\n\t<div id=\"col-1548545738\" class=\"col medium-4 small-12 large-4\"  >\n\t\t\t\t<div class=\"col-inner text-center\"  >\n\t\t\t\n\t\t\t\n\n\t<div class=\"img has-hover x md-x lg-x y md-y lg-y\" id=\"image_530474354\">\n\t\t<a class=\"\" href=\"https:\/\/isff.com.tr\/en\/tesekkurler-kafkaf\/\"  >\t\t\t\t\t\t<div class=\"img-inner dark\" >\n\t\t\t<img loading=\"lazy\" decoding=\"async\" width=\"609\" height=\"800\" src=\"https:\/\/isff.com.tr\/wp-content\/uploads\/2026\/03\/THANKS-KAF-KAF.jpg\" class=\"attachment-original size-original\" alt=\"\" srcset=\"https:\/\/isff.com.tr\/wp-content\/uploads\/2026\/03\/THANKS-KAF-KAF.jpg 609w, https:\/\/isff.com.tr\/wp-content\/uploads\/2026\/03\/THANKS-KAF-KAF-305x400.jpg 305w, https:\/\/isff.com.tr\/wp-content\/uploads\/2026\/03\/THANKS-KAF-KAF-9x12.jpg 9w\" sizes=\"auto, (max-width: 609px) 100vw, 609px\" \/>\t\t\t\t\t\t\n\t\t\t\t\t<\/div>\n\t\t\t\t\t\t<\/a>\t\t\n<style>\n#image_530474354 {\n  width: 86%;\n}\n<\/style>\n\t<\/div>\n\t\n\n\t<div id=\"text-3309272243\" class=\"text\">\n\t\t\n\n<h1><a href=\"https:\/\/isff.com.tr\/en\/tesekkurler-kafkaf\/\"><b>THANKS KAF KAF<\/b><\/a><\/h1>\n<h3><strong>\u00d6MER G\u00dcM\u00dc\u015eER<\/strong><\/h3>\n<p>DIRECTOR<\/p>\n<h3><strong>\u00a0T\u00dcRK\u0130YE<\/strong><\/h3>\n<p>COUNTRY<\/p>\n\t\t\n<style>\n#text-3309272243 {\n  line-height: 1;\n  color: rgb(0,0,0);\n}\n#text-3309272243 > * {\n  color: rgb(0,0,0);\n}\n<\/style>\n\t<\/div>\n\t\n\n\t\t<\/div>\n\t\t\t\t\t<\/div>\n\n\t\n\n\t<div id=\"col-131288859\" class=\"col medium-4 small-12 large-4\"  >\n\t\t\t\t<div class=\"col-inner text-center\"  >\n\t\t\t\n\t\t\t\n\n\t<div class=\"img has-hover x md-x lg-x y md-y lg-y\" id=\"image_39993138\">\n\t\t<a class=\"\" href=\"https:\/\/isff.com.tr\/en\/granit-2\/\"  >\t\t\t\t\t\t<div class=\"img-inner dark\" >\n\t\t\t<img loading=\"lazy\" decoding=\"async\" width=\"566\" height=\"800\" src=\"https:\/\/isff.com.tr\/wp-content\/uploads\/2026\/03\/GRANIT.jpg\" class=\"attachment-original size-original\" alt=\"\" srcset=\"https:\/\/isff.com.tr\/wp-content\/uploads\/2026\/03\/GRANIT.jpg 566w, https:\/\/isff.com.tr\/wp-content\/uploads\/2026\/03\/GRANIT-283x400.jpg 283w, https:\/\/isff.com.tr\/wp-content\/uploads\/2026\/03\/GRANIT-8x12.jpg 8w\" sizes=\"auto, (max-width: 566px) 100vw, 566px\" \/>\t\t\t\t\t\t\n\t\t\t\t\t<\/div>\n\t\t\t\t\t\t<\/a>\t\t\n<style>\n#image_39993138 {\n  width: 84%;\n}\n<\/style>\n\t<\/div>\n\t\n\n\t<div id=\"text-4190827935\" class=\"text\">\n\t\t\n\n<h1><a href=\"https:\/\/isff.com.tr\/en\/granit-2\/\">GRAN\u0130T<\/a><\/h1>\n<h3><strong>VOLKAN ERD\u0130L G\u00dcNAK<\/strong><\/h3>\n<p>DIRECTOR<\/p>\n<h3><strong>T\u00dcRK\u0130YE<\/strong><\/h3>\n<p>COUNTRY<\/p>\n\t\t\n<style>\n#text-4190827935 {\n  line-height: 1;\n  color: rgb(0,0,0);\n}\n#text-4190827935 > * {\n  color: rgb(0,0,0);\n}\n<\/style>\n\t<\/div>\n\t\n\n\t\t<\/div>\n\t\t\t\t\t<\/div>\n\n\t\n\n\t<div id=\"col-716270139\" class=\"col medium-4 small-12 large-4\"  >\n\t\t\t\t<div class=\"col-inner text-center\"  >\n\t\t\t\n\t\t\t\n\n\t<div class=\"img has-hover x md-x lg-x y md-y lg-y\" id=\"image_1897772569\">\n\t\t<a class=\"\" href=\"https:\/\/isff.com.tr\/en\/olmediysen-devam-et\/\"  >\t\t\t\t\t\t<div class=\"img-inner dark\" >\n\t\t\t<img loading=\"lazy\" decoding=\"async\" width=\"1829\" height=\"2560\" src=\"https:\/\/isff.com.tr\/wp-content\/uploads\/2026\/03\/50X70-AFIS-SON-1-scaled.jpg\" class=\"attachment-original size-original\" alt=\"\" srcset=\"https:\/\/isff.com.tr\/wp-content\/uploads\/2026\/03\/50X70-AFIS-SON-1-scaled.jpg 1829w, https:\/\/isff.com.tr\/wp-content\/uploads\/2026\/03\/50X70-AFIS-SON-1-286x400.jpg 286w, https:\/\/isff.com.tr\/wp-content\/uploads\/2026\/03\/50X70-AFIS-SON-1-571x800.jpg 571w, https:\/\/isff.com.tr\/wp-content\/uploads\/2026\/03\/50X70-AFIS-SON-1-768x1075.jpg 768w, https:\/\/isff.com.tr\/wp-content\/uploads\/2026\/03\/50X70-AFIS-SON-1-1097x1536.jpg 1097w, https:\/\/isff.com.tr\/wp-content\/uploads\/2026\/03\/50X70-AFIS-SON-1-1463x2048.jpg 1463w, https:\/\/isff.com.tr\/wp-content\/uploads\/2026\/03\/50X70-AFIS-SON-1-9x12.jpg 9w\" sizes=\"auto, (max-width: 1829px) 100vw, 1829px\" \/>\t\t\t\t\t\t\n\t\t\t\t\t<\/div>\n\t\t\t\t\t\t<\/a>\t\t\n<style>\n#image_1897772569 {\n  width: 85%;\n}\n<\/style>\n\t<\/div>\n\t\n\n\t<div id=\"text-3883189072\" class=\"text\">\n\t\t\n\n<h1><a href=\"https:\/\/isff.com.tr\/en\/olmediysen-devam-et\/\"><b>\u00d6LMED\u0130YSEN DEVAM ET<\/b><\/a><\/h1>\n<h3><strong>MERVE \u00dcSK\u00dcPL\u00dc<\/strong><\/h3>\n<p>DIRECTOR<\/p>\n<h3>T\u00dcRK\u0130YE<\/h3>\n<p>COUNTRY<\/p>\n\t\t\n<style>\n#text-3883189072 {\n  line-height: 1;\n  color: rgb(0,0,0);\n}\n#text-3883189072 > * {\n  color: rgb(0,0,0);\n}\n<\/style>\n\t<\/div>\n\t\n\n\t\t<\/div>\n\t\t\t\t\t<\/div>\n\n\t\n\n\t<div id=\"col-421156842\" class=\"col medium-4 small-12 large-4\"  >\n\t\t\t\t<div class=\"col-inner text-center\"  >\n\t\t\t\n\t\t\t\n\n\t<div class=\"img has-hover x md-x lg-x y md-y lg-y\" id=\"image_744311686\">\n\t\t<a class=\"\" href=\"https:\/\/isff.com.tr\/en\/1981-turk-basketbolunun-donum-noktasi\/\"  >\t\t\t\t\t\t<div class=\"img-inner dark\" >\n\t\t\t<img loading=\"lazy\" decoding=\"async\" width=\"500\" height=\"741\" src=\"https:\/\/isff.com.tr\/wp-content\/uploads\/2026\/03\/1981_poster_2.jpg\" class=\"attachment-original size-original\" alt=\"\" srcset=\"https:\/\/isff.com.tr\/wp-content\/uploads\/2026\/03\/1981_poster_2.jpg 500w, https:\/\/isff.com.tr\/wp-content\/uploads\/2026\/03\/1981_poster_2-270x400.jpg 270w, https:\/\/isff.com.tr\/wp-content\/uploads\/2026\/03\/1981_poster_2-8x12.jpg 8w\" sizes=\"auto, (max-width: 500px) 100vw, 500px\" \/>\t\t\t\t\t\t\n\t\t\t\t\t<\/div>\n\t\t\t\t\t\t<\/a>\t\t\n<style>\n#image_744311686 {\n  width: 80%;\n}\n<\/style>\n\t<\/div>\n\t\n\n\t<div id=\"text-3044031\" class=\"text\">\n\t\t\n\n<h1><a href=\"https:\/\/isff.com.tr\/en\/1981-turk-basketbolunun-donum-noktasi\/\"><b>1981 T\u00dcRK BASKETBOLUNUN D\u00d6N\u00dcM NOKTASI<\/b><\/a><\/h1>\n<h3><strong>OZAN TORUN<\/strong><\/h3>\n<p>DIRECTOR<\/p>\n<h3><strong>T\u00dcRK\u0130YE<\/strong><\/h3>\n<p>COUNTRY<\/p>\n\t\t\n<style>\n#text-3044031 {\n  line-height: 1;\n  color: rgb(0,0,0);\n}\n#text-3044031 > * {\n  color: rgb(0,0,0);\n}\n<\/style>\n\t<\/div>\n\t\n\n\t\t<\/div>\n\t\t\t\t\t<\/div>\n\n\t\n\n<\/div>\n\t<div id=\"gap-799434664\" class=\"gap-element clearfix\" style=\"display:block; height:auto;\">\n\t\t\n<style>\n#gap-799434664 {\n  padding-top: 33px;\n}\n<\/style>\n\t<\/div>\n\t\n\n<div class=\"row\"  id=\"row-54648394\">\n\n\n\t<div id=\"col-1888635631\" class=\"col medium-4 small-12 large-4\"  >\n\t\t\t\t<div class=\"col-inner text-center\"  >\n\t\t\t\n\t\t\t\n\n\t<div class=\"img has-hover x md-x lg-x y md-y lg-y\" id=\"image_287978931\">\n\t\t<a class=\"\" href=\"https:\/\/isff.com.tr\/en\/arda-turan-yuzlesme\/\"  >\t\t\t\t\t\t<div class=\"img-inner dark\" >\n\t\t\t<img loading=\"lazy\" decoding=\"async\" width=\"1080\" height=\"1350\" src=\"https:\/\/isff.com.tr\/wp-content\/uploads\/2026\/03\/ARDA-TURAN-YUZLESME-AFIS.jpg\" class=\"attachment-original size-original\" alt=\"\" srcset=\"https:\/\/isff.com.tr\/wp-content\/uploads\/2026\/03\/ARDA-TURAN-YUZLESME-AFIS.jpg 1080w, https:\/\/isff.com.tr\/wp-content\/uploads\/2026\/03\/ARDA-TURAN-YUZLESME-AFIS-320x400.jpg 320w, https:\/\/isff.com.tr\/wp-content\/uploads\/2026\/03\/ARDA-TURAN-YUZLESME-AFIS-640x800.jpg 640w, https:\/\/isff.com.tr\/wp-content\/uploads\/2026\/03\/ARDA-TURAN-YUZLESME-AFIS-768x960.jpg 768w, https:\/\/isff.com.tr\/wp-content\/uploads\/2026\/03\/ARDA-TURAN-YUZLESME-AFIS-10x12.jpg 10w\" sizes=\"auto, (max-width: 1080px) 100vw, 1080px\" \/>\t\t\t\t\t\t\n\t\t\t\t\t<\/div>\n\t\t\t\t\t\t<\/a>\t\t\n<style>\n#image_287978931 {\n  width: 80%;\n}\n<\/style>\n\t<\/div>\n\t\n\n\t<div id=\"text-2453648216\" class=\"text\">\n\t\t\n\n<h1><a href=\"https:\/\/isff.com.tr\/en\/arda-turan-yuzlesme\/\"><b>ARDA TURAN Y\u00dcZLE\u015eME<\/b><\/a><\/h1>\n<h3><strong>UMUT ARAL\/ALPER IDUG<\/strong><\/h3>\n<p>DIRECTOR<\/p>\n<h3>T\u00dcRK\u0130YE<\/h3>\n<p>COUNTRY<\/p>\n\t\t\n<style>\n#text-2453648216 {\n  line-height: 1;\n  color: rgb(0,0,0);\n}\n#text-2453648216 > * {\n  color: rgb(0,0,0);\n}\n<\/style>\n\t<\/div>\n\t\n\n\t\t<\/div>\n\t\t\t\t\t<\/div>\n\n\t\n\n\t<div id=\"col-181211169\" class=\"col medium-4 small-12 large-4\"  >\n\t\t\t\t<div class=\"col-inner text-center\"  >\n\t\t\t\n\t\t\t\n\n\t<div class=\"img has-hover x md-x lg-x y md-y lg-y\" id=\"image_508188186\">\n\t\t<a class=\"\" href=\"https:\/\/isff.com.tr\/en\/firtina-kiz\/\"  >\t\t\t\t\t\t<div class=\"img-inner dark\" >\n\t\t\t<img loading=\"lazy\" decoding=\"async\" width=\"600\" height=\"857\" src=\"https:\/\/isff.com.tr\/wp-content\/uploads\/2026\/03\/1000124499.jpg\" class=\"attachment-original size-original\" alt=\"\" srcset=\"https:\/\/isff.com.tr\/wp-content\/uploads\/2026\/03\/1000124499.jpg 600w, https:\/\/isff.com.tr\/wp-content\/uploads\/2026\/03\/1000124499-280x400.jpg 280w, https:\/\/isff.com.tr\/wp-content\/uploads\/2026\/03\/1000124499-560x800.jpg 560w, https:\/\/isff.com.tr\/wp-content\/uploads\/2026\/03\/1000124499-8x12.jpg 8w\" sizes=\"auto, (max-width: 600px) 100vw, 600px\" \/>\t\t\t\t\t\t\n\t\t\t\t\t<\/div>\n\t\t\t\t\t\t<\/a>\t\t\n<style>\n#image_508188186 {\n  width: 71%;\n}\n<\/style>\n\t<\/div>\n\t\n\n\t<div id=\"text-3796555252\" class=\"text\">\n\t\t\n\n<h1><a href=\"https:\/\/isff.com.tr\/en\/firtina-kiz\/\"><b>FIRTINA KIZ<\/b><\/a><\/h1>\n<h3><strong>HASAN DO\u011eAN<\/strong><\/h3>\n<p>DIRECTOR<\/p>\n<h3>T\u00dcRK\u0130YE<\/h3>\n<p>COUNTRY<\/p>\n\t\t\n<style>\n#text-3796555252 {\n  line-height: 1;\n  color: rgb(0,0,0);\n}\n#text-3796555252 > * {\n  color: rgb(0,0,0);\n}\n<\/style>\n\t<\/div>\n\t\n\n\t\t<\/div>\n\t\t\t\t\t<\/div>\n\n\t\n\n\t<div id=\"col-1220007123\" class=\"col medium-4 small-12 large-4\"  >\n\t\t\t\t<div class=\"col-inner text-center\"  >\n\t\t\t\n\t\t\t\n\n\t<div class=\"img has-hover x md-x lg-x y md-y lg-y\" id=\"image_1575483032\">\n\t\t<a class=\"\" href=\"https:\/\/isff.com.tr\/en\/lefter-bir-ordinaryus-hikayesi\/\"  >\t\t\t\t\t\t<div class=\"img-inner dark\" >\n\t\t\t<img loading=\"lazy\" decoding=\"async\" width=\"1260\" height=\"1753\" src=\"https:\/\/isff.com.tr\/wp-content\/uploads\/2026\/03\/BIR-ORDINARYUS-HIKAYESI-LEFTER-AFIS-2.jpeg\" class=\"attachment-original size-original\" alt=\"\" srcset=\"https:\/\/isff.com.tr\/wp-content\/uploads\/2026\/03\/BIR-ORDINARYUS-HIKAYESI-LEFTER-AFIS-2.jpeg 1260w, https:\/\/isff.com.tr\/wp-content\/uploads\/2026\/03\/BIR-ORDINARYUS-HIKAYESI-LEFTER-AFIS-2-288x400.jpeg 288w, https:\/\/isff.com.tr\/wp-content\/uploads\/2026\/03\/BIR-ORDINARYUS-HIKAYESI-LEFTER-AFIS-2-575x800.jpeg 575w, https:\/\/isff.com.tr\/wp-content\/uploads\/2026\/03\/BIR-ORDINARYUS-HIKAYESI-LEFTER-AFIS-2-768x1068.jpeg 768w, https:\/\/isff.com.tr\/wp-content\/uploads\/2026\/03\/BIR-ORDINARYUS-HIKAYESI-LEFTER-AFIS-2-1104x1536.jpeg 1104w, https:\/\/isff.com.tr\/wp-content\/uploads\/2026\/03\/BIR-ORDINARYUS-HIKAYESI-LEFTER-AFIS-2-9x12.jpeg 9w\" sizes=\"auto, (max-width: 1260px) 100vw, 1260px\" \/>\t\t\t\t\t\t\n\t\t\t\t\t<\/div>\n\t\t\t\t\t\t<\/a>\t\t\n<style>\n#image_1575483032 {\n  width: 73%;\n}\n<\/style>\n\t<\/div>\n\t\n\n\t<div id=\"text-3825696791\" class=\"text\">\n\t\t\n\n<h1><a href=\"https:\/\/isff.com.tr\/en\/lefter-bir-ordinaryus-hikayesi\/\"><b>LEFTER: B\u0130R ORD\u0130NARY\u00dcS H\u0130KAYES\u0130<\/b><\/a><\/h1>\n<h3><strong>CAN ULKAY<\/strong><\/h3>\n<p>DIRECTOR<\/p>\n<h3>T\u00dcRK\u0130YE<\/h3>\n<p>COUNTRY<\/p>\n\t\t\n<style>\n#text-3825696791 {\n  line-height: 1;\n  color: rgb(0,0,0);\n}\n#text-3825696791 > * {\n  color: rgb(0,0,0);\n}\n<\/style>\n\t<\/div>\n\t\n\n\t\t<\/div>\n\t\t\t\t\t<\/div>\n\n\t\n\n<\/div>","protected":false},"excerpt":{"rendered":"","protected":false},"author":2,"featured_media":0,"parent":0,"menu_order":0,"comment_status":"closed","ping_status":"closed","template":"","meta":{"footnotes":""},"class_list":["post-1917","page","type-page","status-publish","hentry"],"_links":{"self":[{"href":"https:\/\/isff.com.tr\/en\/wp-json\/wp\/v2\/pages\/1917","targetHints":{"allow":["GET"]}}],"collection":[{"href":"https:\/\/isff.com.tr\/en\/wp-json\/wp\/v2\/pages"}],"about":[{"href":"https:\/\/isff.com.tr\/en\/wp-json\/wp\/v2\/types\/page"}],"author":[{"embeddable":true,"href":"https:\/\/isff.com.tr\/en\/wp-json\/wp\/v2\/users\/2"}],"replies":[{"embeddable":true,"href":"https:\/\/isff.com.tr\/en\/wp-json\/wp\/v2\/comments?post=1917"}],"version-history":[{"count":14,"href":"https:\/\/isff.com.tr\/en\/wp-json\/wp\/v2\/pages\/1917\/revisions"}],"predecessor-version":[{"id":2024,"href":"https:\/\/isff.com.tr\/en\/wp-json\/wp\/v2\/pages\/1917\/revisions\/2024"}],"wp:attachment":[{"href":"https:\/\/isff.com.tr\/en\/wp-json\/wp\/v2\/media?parent=1917"}],"curies":[{"name":"wp","href":"https:\/\/api.w.org\/{rel}","templated":true}]}}