{"id":1733,"date":"2026-01-12T18:31:42","date_gmt":"2026-01-12T15:31:42","guid":{"rendered":"https:\/\/isff.com.tr\/?page_id=1733"},"modified":"2026-02-05T18:53:10","modified_gmt":"2026-02-05T15:53:10","slug":"belgesel-film","status":"publish","type":"page","link":"https:\/\/isff.com.tr\/en\/belgesel-film\/","title":{"rendered":"Documentary Film"},"content":{"rendered":"<div class=\"row\"  id=\"row-607199608\">\n\n\n\t<div id=\"col-1085712014\" class=\"col small-12 large-12\"  >\n\t\t\t\t<div class=\"col-inner\"  >\n\t\t\t\n\t\t\t\n\n<p><b>\u0130STANBUL ULUSLARARASI SPOR F\u0130LM FEST\u0130VAL\u0130<\/b><span style=\"font-weight: 400;\"><br \/><\/span><b>KURMACA KISA F\u0130LM VE BELGESEL F\u0130LM YARI\u015eMA Y\u00d6NETMEL\u0130\u011e\u0130 \u2013 2026<\/b><\/p>\n<p><span style=\"font-weight: 400;\">\u0130stanbul Uluslararas\u0131 Spor Film Festivali, FilmDeney Production And Art taraf\u0131ndan \u0130stanbul\u2019da 26-29 Mart 2026 tarihleri aras\u0131nda d\u00fczenlenecektir.<\/span><\/p>\n<p><span style=\"font-weight: 400;\">Festivalin resmi \u0130ngilizce ad\u0131: <\/span><b>ISTANBUL SPORTS FILM FESTIVAL<\/b><\/p>\n<p><b>PURPOSE AND NATURE<\/b><\/p>\n<p><span style=\"font-weight: 400;\">Festival Y\u00f6netimi, \u0130stanbul Uluslararas\u0131 Spor Film Festivali\u2019ni \u015fu ama\u00e7larla d\u00fczenlemektedir:<\/span><\/p>\n<ul>\n<li style=\"font-weight: 400;\" aria-level=\"1\"><span style=\"font-weight: 400;\">T\u00fcrkiye\u2019de spor ve sinema k\u00fclt\u00fcr\u00fcn\u00fcn geli\u015fimine katk\u0131da bulunmak ve bu alanlarda \u00fcretim yapan bireylerin eserlerini izleyici ile bulu\u015fturacak bir platform sunmak.<\/span><\/li>\n<li style=\"font-weight: 400;\" aria-level=\"1\"><span style=\"font-weight: 400;\">Sporun T\u00fcrkiye\u2019de bir k\u00fclt\u00fcrel fenomen olarak daha derinlemesine incelenmesini te\u015fvik etmek.<\/span><\/li>\n<li style=\"font-weight: 400;\" aria-level=\"1\"><span style=\"font-weight: 400;\">Festival uluslararas\u0131 kapsamda kurulmu\u015f olup s\u00fcrd\u00fcr\u00fclebilirli\u011fini sa\u011flamay\u0131 hedefler.<\/span><\/li>\n<\/ul>\n<p><b>FESTIVAL MANAGEMENT<\/b><\/p>\n<p><b>Karar Verme Yetkisi:<\/b><span style=\"font-weight: 400;\"><br \/><\/span><span style=\"font-weight: 400;\">Festivalin karar alma yetkisi <\/span><b>Festival Executive Committee<\/b><span style=\"font-weight: 400;\">\u2019na aittir.<\/span><\/p>\n<p><b>Organizasyon Birimleri:<\/b><\/p>\n<ul>\n<li style=\"font-weight: 400;\" aria-level=\"1\"><span style=\"font-weight: 400;\">Festival Director<\/span><\/li>\n<li style=\"font-weight: 400;\" aria-level=\"1\"><span style=\"font-weight: 400;\">Festival Executive Committee<\/span><\/li>\n<li style=\"font-weight: 400;\" aria-level=\"1\"><span style=\"font-weight: 400;\">Festival Koordinasyonu<\/span><\/li>\n<\/ul>\n<p><b>Festival Direkt\u00f6r\u00fc ve Organizasyon:<\/b><span style=\"font-weight: 400;\"><br \/><\/span><span style=\"font-weight: 400;\">\u0130stanbul Uluslararas\u0131 Spor Film Festivali\u2019nin direkt\u00f6r\u00fc ve tasar\u0131mc\u0131s\u0131 <\/span><b>G\u00f6k\u00e7e Kaan Demirk\u0131ran<\/b><span style=\"font-weight: 400;\">\u2019d\u0131r. Organizasyon, FilmDeney Production and Art taraf\u0131ndan planlan\u0131r ve uygulan\u0131r.<\/span><\/p>\n<p><b>Festival Y\u00fcr\u00fctme Kurulu:<\/b><\/p>\n<ul>\n<li style=\"font-weight: 400;\" aria-level=\"1\"><span style=\"font-weight: 400;\">Festival Y\u00fcr\u00fctme Kurulu, Festival Direkt\u00f6r\u00fc taraf\u0131ndan olu\u015fturulur.<\/span><\/li>\n<li style=\"font-weight: 400;\" aria-level=\"1\"><span style=\"font-weight: 400;\">Festival Direkt\u00f6r\u00fc, uygulama projesini de\u011ferlendirir, anla\u015fmazl\u0131klar\u0131 \u00e7\u00f6zer ve nihai kararlar\u0131 al\u0131r. Kararlar kesindir.<\/span><\/li>\n<li style=\"font-weight: 400;\" aria-level=\"1\"><span style=\"font-weight: 400;\">Kurul, bir ba\u015fkan ve \u00fc\u00e7 \u00fcyeden olu\u015fur; gerekirse \u00fcye say\u0131s\u0131 art\u0131r\u0131labilir.<\/span><\/li>\n<li style=\"font-weight: 400;\" aria-level=\"1\"><span style=\"font-weight: 400;\">Festival Koordinat\u00f6r\u00fc, Festival Direkt\u00f6r\u00fc taraf\u0131ndan atan\u0131r.<\/span><\/li>\n<li style=\"font-weight: 400;\" aria-level=\"1\"><span style=\"font-weight: 400;\">Festival Direkt\u00f6r\u00fc, koordinasyon birimleri ve kat\u0131l\u0131mc\u0131lar aras\u0131ndaki anla\u015fmazl\u0131klarda nihai karar yetkisine sahiptir.<\/span><\/li>\n<\/ul>\n<p><b>Festival Koordinasyonu:<\/b><\/p>\n<ul>\n<li style=\"font-weight: 400;\" aria-level=\"1\"><span style=\"font-weight: 400;\">Festival Koordinasyonu, festivalin sorunsuz y\u00fcr\u00fct\u00fclmesini sa\u011flamak i\u00e7in t\u00fcm teknik ve idari s\u00fcre\u00e7leri y\u00f6netir.<\/span><\/li>\n<li style=\"font-weight: 400;\" aria-level=\"1\"><span style=\"font-weight: 400;\">Koordinasyon lideri, Festival Koordinat\u00f6r\u00fc\u2019d\u00fcr ve Festival Direkt\u00f6r\u00fc taraf\u0131ndan atan\u0131r.<\/span><\/li>\n<\/ul>\n<p><b>Yetki ve Sorumluluk:<\/b><\/p>\n<ul>\n<li style=\"font-weight: 400;\" aria-level=\"1\"><span style=\"font-weight: 400;\">Festival programlar\u0131, Festival Y\u00fcr\u00fctme Kurulu ve Festival Koordinasyonu taraf\u0131ndan haz\u0131rlanan proje \u00e7er\u00e7evesinde uygulan\u0131r.<\/span><\/li>\n<li style=\"font-weight: 400;\" aria-level=\"1\"><span style=\"font-weight: 400;\">Ba\u015fvurular\u0131 kabul veya reddetme yetkisi Festival Y\u00fcr\u00fctme Kurulu ve Festival Koordinat\u00f6r\u00fc\u2019ne aittir.<\/span><\/li>\n<li style=\"font-weight: 400;\" aria-level=\"1\"><span style=\"font-weight: 400;\">\u00d6n se\u00e7im j\u00fcrisi ve ana j\u00fcri, festival y\u00f6netimi taraf\u0131ndan se\u00e7ilen uzmanlardan olu\u015fur.<\/span><\/li>\n<\/ul>\n<p><b>SCOPE<\/b><\/p>\n<ul>\n<li style=\"font-weight: 400;\" aria-level=\"1\"><span style=\"font-weight: 400;\">\u0130stanbul Uluslararas\u0131 Spor Film Festivali, 26-29 Mart 2026 tarihleri aras\u0131nda 18 ya\u015f ve \u00fczeri y\u00f6netmen veya yap\u0131mc\u0131lara a\u00e7\u0131k k\u0131sa film ve belgesel yar\u0131\u015fmas\u0131d\u0131r.<\/span><\/li>\n<li style=\"font-weight: 400;\" aria-level=\"1\"><span style=\"font-weight: 400;\">Film ba\u015fvurusu, y\u00f6netmen (birden fazla y\u00f6netmen varsa yaz\u0131l\u0131 onay al\u0131nmal\u0131) veya yap\u0131mc\u0131 taraf\u0131ndan yap\u0131lmal\u0131d\u0131r.<\/span><\/li>\n<\/ul>\n<p><b>YARI\u015eMAYA KATILIM \u015eARTLARI<\/b><\/p>\n<ol>\n<li style=\"font-weight: 400;\" aria-level=\"1\"><span style=\"font-weight: 400;\">1 Ocak 2020 ve sonras\u0131nda tamamlanm\u0131\u015f filmler ba\u015fvurabilir. Ba\u015fvurular uluslararas\u0131 \u00f6l\u00e7ekte de\u011ferlendirilecektir.<\/span><\/li>\n<li style=\"font-weight: 400;\" aria-level=\"1\"><span style=\"font-weight: 400;\">Yar\u0131\u015fma iki kategoride yap\u0131lacakt\u0131r: <\/span><b>Short Film<\/b><span style=\"font-weight: 400;\"> ve <\/span><b>Documentary Film<\/b><span style=\"font-weight: 400;\">. Filmlerin temas\u0131 <\/span><b>spor<\/b><span style=\"font-weight: 400;\"> olmal\u0131d\u0131r. Temas\u0131 spor olmayan filmler de\u011ferlendirmeye al\u0131nmaz.<\/span>\n<ul>\n<li style=\"font-weight: 400;\" aria-level=\"1\"><span style=\"font-weight: 400;\">K\u0131sa filmler: maksimum 20 dakika ( jenerik s\u00fcreleri dahil)<\/span><\/li>\n<li style=\"font-weight: 400;\" aria-level=\"1\"><span style=\"font-weight: 400;\">Belgeseller: Belgesel filmde s\u00fcre s\u0131n\u0131rlamas\u0131 yoktur.<\/span><\/li>\n<li style=\"font-weight: 400;\" aria-level=\"1\"><span style=\"font-weight: 400;\">S\u00fcreye %10 tolerans uygulanabilir.<\/span><\/li>\n<\/ul>\n<\/li>\n<li style=\"font-weight: 400;\" aria-level=\"1\"><span style=\"font-weight: 400;\">T\u00fcrk\u00e7e d\u0131\u015f\u0131ndaki dillerde \u00e7ekilmi\u015f filmler T\u00fcrk\u00e7e altyaz\u0131l\u0131 olmal\u0131d\u0131r. \u0130ngilizce d\u0131\u015f\u0131ndaki dillerde \u0130ngilizce altyaz\u0131 \u015fartt\u0131r.<\/span><\/li>\n<li style=\"font-weight: 400;\" aria-level=\"1\"><span style=\"font-weight: 400;\">Herhangi bir formatta filmler ba\u015fvurabilir.<\/span><\/li>\n<li style=\"font-weight: 400;\" aria-level=\"1\"><span style=\"font-weight: 400;\">Yar\u0131\u015fmaya g\u00f6nderilen kopyalar yeterli g\u00f6r\u00fcnt\u00fc ve ses kalitesine sahip olmal\u0131d\u0131r; d\u00fc\u015f\u00fck kalite filmler uyar\u0131 yap\u0131lmadan elenir.<\/span><\/li>\n<li style=\"font-weight: 400;\" aria-level=\"1\"><span style=\"font-weight: 400;\">Kat\u0131l\u0131mc\u0131 yaln\u0131zca bir eserle ve bir kategoride ba\u015fvurabilir. Daha \u00f6nce yar\u0131\u015fmalara kat\u0131lm\u0131\u015f veya \u00f6d\u00fcl alm\u0131\u015f olmak ba\u015fvuruyu engellemez.<\/span><\/li>\n<li style=\"font-weight: 400;\" aria-level=\"1\"><span style=\"font-weight: 400;\">Applications <\/span><a href=\"https:\/\/filmfreeway.com\/\" target=\"_blank\" rel=\"noopener\"><b>www.filmfreeway.com<\/b><\/a><span style=\"font-weight: 400;\"> \u00fczerinden yap\u0131lacakt\u0131r; sorun ya\u015fan\u0131rsa <\/span><b>info@isff.com.tr<\/b><span style=\"font-weight: 400;\"> adresine e-posta ile ba\u015fvuru yap\u0131labilir. Posta ile ba\u015fvurular kabul edilmez.<\/span><\/li>\n<\/ol>\n<p><b>Gerekli belgeler:<\/b><\/p>\n<ul>\n<li style=\"font-weight: 400;\" aria-level=\"1\"><span style=\"font-weight: 400;\">Film i\u00e7in online izleme linki (festival sonuna kadar aktif olmal\u0131)<\/span><\/li>\n<li style=\"font-weight: 400;\" aria-level=\"1\"><span style=\"font-weight: 400;\">Filmin T\u00fcrk\u00e7e \u00f6zeti (max 250 kelime)<\/span><\/li>\n<li style=\"font-weight: 400;\" aria-level=\"1\"><span style=\"font-weight: 400;\">Filmin fragman\u0131<\/span><\/li>\n<li style=\"font-weight: 400;\" aria-level=\"1\"><span style=\"font-weight: 400;\">Filmden \u00fc\u00e7 foto\u011fraf (300 dpi, k\u0131sa kenar 15 cm)<\/span><\/li>\n<li style=\"font-weight: 400;\" aria-level=\"1\"><span style=\"font-weight: 400;\">Y\u00f6netmenin \u00f6zge\u00e7mi\u015fi (max 250 kelime) ve filmografisi<\/span><\/li>\n<li style=\"font-weight: 400;\" aria-level=\"1\"><span style=\"font-weight: 400;\">Photo of the director.<\/span><\/li>\n<li style=\"font-weight: 400;\" aria-level=\"1\"><span style=\"font-weight: 400;\">Film posteri<\/span><\/li>\n<li style=\"font-weight: 400;\" aria-level=\"1\"><span style=\"font-weight: 400;\">Online application form.<\/span><\/li>\n<\/ul>\n<p><b>F\u0130LM G\u00d6STER\u0130M\u0130<\/b><\/p>\n<ul>\n<li style=\"font-weight: 400;\" aria-level=\"1\"><span style=\"font-weight: 400;\">Yar\u0131\u015fmaya g\u00f6nderilen filmler \u00f6n se\u00e7im j\u00fcrisi taraf\u0131ndan incelenecektir.<\/span><\/li>\n<li style=\"font-weight: 400;\" aria-level=\"1\"><span style=\"font-weight: 400;\">Finalist filmler, festival y\u00fcr\u00fctme kurulu taraf\u0131ndan ilan edilen mekanlarda <\/span><b>March 26-29, 2026<\/b><span style=\"font-weight: 400;\"> tarihlerinde g\u00f6sterilecektir.<\/span><\/li>\n<li style=\"font-weight: 400;\" aria-level=\"1\"><span style=\"font-weight: 400;\">Ba\u015fvuru son tarihi: 31 Ocak 2026<\/span><\/li>\n<\/ul>\n<p><b>EVALUATION<\/b><\/p>\n<ol>\n<li><b> \u00d6n Se\u00e7im:<\/b><\/li>\n<\/ol>\n<ul>\n<li style=\"font-weight: 400;\" aria-level=\"1\"><span style=\"font-weight: 400;\">\u00d6n se\u00e7im j\u00fcrisi, festival y\u00fcr\u00fctme kurulu taraf\u0131ndan atan\u0131r ve en az 3 \u00fcyeden olu\u015fur.<\/span><\/li>\n<li style=\"font-weight: 400;\" aria-level=\"1\"><span style=\"font-weight: 400;\">\u00d6n se\u00e7im s\u00fcreci 21 \u015eubat 2026\u2019e kadar tamamlan\u0131r.<\/span><\/li>\n<li style=\"font-weight: 400;\" aria-level=\"1\"><span style=\"font-weight: 400;\">\u00d6n se\u00e7im j\u00fcrisi her kategoride en fazla 8 filmi aday g\u00f6sterebilir.<\/span><\/li>\n<\/ul>\n<ol start=\"2\">\n<li><b> Nihai De\u011ferlendirme:<\/b><\/li>\n<\/ol>\n<ul>\n<li style=\"font-weight: 400;\" aria-level=\"1\"><span style=\"font-weight: 400;\">Final de\u011ferlendirmesi, ana j\u00fcri taraf\u0131ndan yap\u0131l\u0131r (31 Ocak \u2013 1 Mart 2026).<\/span><\/li>\n<li style=\"font-weight: 400;\" aria-level=\"1\"><span style=\"font-weight: 400;\">Ana j\u00fcri, her kategoride en az 3 uzmandan olu\u015fur ve kamuoyuna duyurulur.<\/span><\/li>\n<li style=\"font-weight: 400;\" aria-level=\"1\"><span style=\"font-weight: 400;\">\u00d6n se\u00e7im ve ana j\u00fcri kararlar\u0131 kesindir.<\/span><\/li>\n<\/ul>\n<p><b>\u00d6D\u00dcLLER<\/b><\/p>\n<p><b>K\u0131sa Film (Kurmaca) Kategorisi:<\/b><\/p>\n<ul>\n<li style=\"font-weight: 400;\" aria-level=\"1\"><span style=\"font-weight: 400;\">Birinci \u00d6d\u00fcl: Heykelcik<\/span><\/li>\n<li style=\"font-weight: 400;\" aria-level=\"1\"><span style=\"font-weight: 400;\">Festival \u00d6zel \u00d6d\u00fcl\u00fc: (gerek duyuldu\u011funda)<\/span><\/li>\n<\/ul>\n<p><b>Belgesel Kategorisi:<\/b><\/p>\n<ul>\n<li style=\"font-weight: 400;\" aria-level=\"1\"><span style=\"font-weight: 400;\">Birinci \u00d6d\u00fcl: Heykelcik<\/span><\/li>\n<li style=\"font-weight: 400;\" aria-level=\"1\"><span style=\"font-weight: 400;\">Festival \u00d6zel \u00d6d\u00fcl\u00fc: (gerek duyuldu\u011funda)<\/span><\/li>\n<li style=\"font-weight: 400;\" aria-level=\"1\"><span style=\"font-weight: 400;\">Para veya ayni \u00f6d\u00fcller varsa, festival y\u00fcr\u00fctme kurulu ba\u015fvuru sonundan \u00f6nce ilan eder.<\/span><\/li>\n<\/ul>\n<p><b>G\u00d6STER\u0130M HAKLARI<\/b><\/p>\n<p><span style=\"font-weight: 400;\">Festival y\u00f6netimi, yar\u0131\u015fma filmlerini 2026 sonuna kadar g\u00f6sterme hakk\u0131n\u0131 sakl\u0131 tutar. Bu g\u00f6sterimler i\u00e7in ek \u00f6deme yap\u0131lmaz.<\/span><\/p>\n<p><b>ENFORCEMENT<\/b><\/p>\n<ul>\n<li style=\"font-weight: 400;\" aria-level=\"1\"><span style=\"font-weight: 400;\">Festival Y\u00fcr\u00fctme Kurulu, y\u00f6netmelikte yer almayan konularda ve \u00e7\u0131kabilecek anla\u015fmazl\u0131klarda nihai yetkiye sahiptir.<\/span><\/li>\n<li style=\"font-weight: 400;\" aria-level=\"1\"><span style=\"font-weight: 400;\">Y\u00f6netmelikte de\u011fi\u015fiklik yapma hakk\u0131 festival y\u00f6netimine aittir.<\/span><\/li>\n<li style=\"font-weight: 400;\" aria-level=\"1\"><span style=\"font-weight: 400;\">Online ba\u015fvuru yapan y\u00f6netmen veya yap\u0131mc\u0131lar, y\u00f6netmelik ve ba\u015fvuru formunun t\u00fcm maddelerini kabul etmi\u015f say\u0131l\u0131r.<\/span><\/li>\n<\/ul>\n<p><b>\u0130stanbul Uluslararas\u0131 Spor Film Festivali<\/b><span style=\"font-weight: 400;\"><br \/><\/span><b>E-posta:<\/b><span style=\"font-weight: 400;\"> info@isff.com.tr<\/span><\/p>\n<p><b>Note:<\/b><span style=\"font-weight: 400;\"> Ba\u015fvurular yaln\u0131zca online olarak kabul edilecektir. Posta veya \u015fahsen yap\u0131lan ba\u015fvurular ge\u00e7ersizdir.<\/span><\/p>\n\n\n\t\t<\/div>\n\t\t\t\t\n<style>\n#col-1085712014 > .col-inner {\n  padding: 0 0px 0px 0px;\n  margin: 0 0px 0px 0px;\n}\n<\/style>\n\t<\/div>\n\n\t\n\n\n<style>\n#row-607199608 > .col > .col-inner {\n  padding: 0 0px 0px 0px;\n}\n<\/style>\n<\/div>","protected":false},"excerpt":{"rendered":"","protected":false},"author":2,"featured_media":0,"parent":0,"menu_order":0,"comment_status":"closed","ping_status":"closed","template":"","meta":{"footnotes":""},"class_list":["post-1733","page","type-page","status-publish","hentry"],"_links":{"self":[{"href":"https:\/\/isff.com.tr\/en\/wp-json\/wp\/v2\/pages\/1733","targetHints":{"allow":["GET"]}}],"collection":[{"href":"https:\/\/isff.com.tr\/en\/wp-json\/wp\/v2\/pages"}],"about":[{"href":"https:\/\/isff.com.tr\/en\/wp-json\/wp\/v2\/types\/page"}],"author":[{"embeddable":true,"href":"https:\/\/isff.com.tr\/en\/wp-json\/wp\/v2\/users\/2"}],"replies":[{"embeddable":true,"href":"https:\/\/isff.com.tr\/en\/wp-json\/wp\/v2\/comments?post=1733"}],"version-history":[{"count":2,"href":"https:\/\/isff.com.tr\/en\/wp-json\/wp\/v2\/pages\/1733\/revisions"}],"predecessor-version":[{"id":1776,"href":"https:\/\/isff.com.tr\/en\/wp-json\/wp\/v2\/pages\/1733\/revisions\/1776"}],"wp:attachment":[{"href":"https:\/\/isff.com.tr\/en\/wp-json\/wp\/v2\/media?parent=1733"}],"curies":[{"name":"wp","href":"https:\/\/api.w.org\/{rel}","templated":true}]}}