{"id":1593,"date":"2025-04-21T21:28:45","date_gmt":"2025-04-21T18:28:45","guid":{"rendered":"https:\/\/isff.com.tr\/?page_id=1593"},"modified":"2025-04-21T21:29:56","modified_gmt":"2025-04-21T18:29:56","slug":"iska","status":"publish","type":"page","link":"https:\/\/isff.com.tr\/en\/arsiv-2025\/festival-seckisi\/iska\/","title":{"rendered":"\u0130SKA"},"content":{"rendered":"<div class=\"row\"  id=\"row-38557179\">\n\n\n\t<div id=\"col-972679757\" class=\"col small-12 large-12\"  >\n\t\t\t\t<div class=\"col-inner\"  >\n\t\t\t\n\t\t\t\n\n\n\t\t<\/div>\n\t\t\t\t\t<\/div>\n\n\t\n\n<\/div>\n<div class=\"container section-title-container\" ><h1 class=\"section-title section-title-center\"><b><\/b><span class=\"section-title-main\" style=\"color:rgb(0, 0, 0);\">ISKA<\/span><b><\/b><\/h1><\/div>\n\n\t<div id=\"gap-1031013922\" class=\"gap-element clearfix\" style=\"display:block; height:auto;\">\n\t\t\n<style>\n#gap-1031013922 {\n  padding-top: 33px;\n}\n<\/style>\n\t<\/div>\n\t\n\n<div class=\"row\"  id=\"row-1473238664\">\n\n\n\t<div id=\"col-812557710\" class=\"col medium-4 small-12 large-4\"  >\n\t\t\t\t<div class=\"col-inner\"  >\n\t\t\t\n\t\t\t\n\n\t<div class=\"img has-hover x md-x lg-x y md-y lg-y\" id=\"image_1793596661\">\n\t\t\t\t\t\t\t\t<div class=\"img-inner dark\" >\n\t\t\t<img loading=\"lazy\" decoding=\"async\" width=\"560\" height=\"800\" src=\"https:\/\/isff.com.tr\/wp-content\/uploads\/2025\/04\/iska-min.jpg\" class=\"attachment-original size-original\" alt=\"\" srcset=\"https:\/\/isff.com.tr\/wp-content\/uploads\/2025\/04\/iska-min.jpg 560w, https:\/\/isff.com.tr\/wp-content\/uploads\/2025\/04\/iska-min-280x400.jpg 280w, https:\/\/isff.com.tr\/wp-content\/uploads\/2025\/04\/iska-min-8x12.jpg 8w\" sizes=\"auto, (max-width: 560px) 100vw, 560px\" \/>\t\t\t\t\t\t\n\t\t\t\t\t<\/div>\n\t\t\t\t\t\t\t\t\n<style>\n#image_1793596661 {\n  width: 100%;\n}\n<\/style>\n\t<\/div>\n\t\n\n\n\t\t<\/div>\n\t\t\t\t\t<\/div>\n\n\t\n\n\t<div id=\"col-1041555582\" class=\"col medium-8 small-12 large-8\"  >\n\t\t\t\t<div class=\"col-inner\"  >\n\t\t\t\n\t\t\t\n\n<p class=\"p1\"><b>Date: <\/b> 2023<\/p>\n<p class=\"p1\"><b>Country: <\/b>T\u00fcrkiye<\/p>\n<p class=\"p1\"><b>Project Type: <\/b>Documentary<\/p>\n<p class=\"p1\"><b>Duration: <\/b>71 dakika<\/p>\n<p class=\"p1\"><b>Director: <\/b>Mert Erez<\/p>\n<p class=\"p1\"><b>Senarist: <\/b>Mert Erez<\/p>\n<p class=\"p1\"><b>Editing: <\/b>Sinan Kaldan &amp; Mert Erez<\/p>\n<p class=\"p2\"><span class=\"s1\"><b>Topic: <\/b><\/span>The movie tells the life story of Fevzi Tuncay, a former Be\u015fikta\u015f goalkeeper, after he misses the ball against Galatasaray.<\/p>\n<p class=\"p2\">The championship match of the 1999-2000 season took place between Galatasaray and Be\u015fikta\u015f. At the start of the match Be\u015fikta\u015f took a 1-0 lead with a goal by \u015eifo Mehmet. However, in the following minutes, Be\u015fikta\u015f goalkeeper Fevzi Tuncay misses Be\u015fikta\u015f stopper Halilagi\u00e7's back pass under his foot and the ball goes into the net. This not only prevented Be\u015fikta\u015f from winning the championship, but also marked the beginning of Fevzi Tuncay's sad story.<\/p>\n\n\t\t<\/div>\n\t\t\t\t\t<\/div>\n\n\t\n\n<\/div>","protected":false},"excerpt":{"rendered":"","protected":false},"author":2,"featured_media":0,"parent":1026,"menu_order":0,"comment_status":"closed","ping_status":"closed","template":"","meta":{"footnotes":""},"class_list":["post-1593","page","type-page","status-publish","hentry"],"_links":{"self":[{"href":"https:\/\/isff.com.tr\/en\/wp-json\/wp\/v2\/pages\/1593","targetHints":{"allow":["GET"]}}],"collection":[{"href":"https:\/\/isff.com.tr\/en\/wp-json\/wp\/v2\/pages"}],"about":[{"href":"https:\/\/isff.com.tr\/en\/wp-json\/wp\/v2\/types\/page"}],"author":[{"embeddable":true,"href":"https:\/\/isff.com.tr\/en\/wp-json\/wp\/v2\/users\/2"}],"replies":[{"embeddable":true,"href":"https:\/\/isff.com.tr\/en\/wp-json\/wp\/v2\/comments?post=1593"}],"version-history":[{"count":3,"href":"https:\/\/isff.com.tr\/en\/wp-json\/wp\/v2\/pages\/1593\/revisions"}],"predecessor-version":[{"id":1596,"href":"https:\/\/isff.com.tr\/en\/wp-json\/wp\/v2\/pages\/1593\/revisions\/1596"}],"up":[{"embeddable":true,"href":"https:\/\/isff.com.tr\/en\/wp-json\/wp\/v2\/pages\/1026"}],"wp:attachment":[{"href":"https:\/\/isff.com.tr\/en\/wp-json\/wp\/v2\/media?parent=1593"}],"curies":[{"name":"wp","href":"https:\/\/api.w.org\/{rel}","templated":true}]}}